{"id":13502,"date":"2018-11-25T08:37:53","date_gmt":"2018-11-25T08:37:53","guid":{"rendered":"https:\/\/bien-etreiris.ch\/wohlbefinden\/waermeflasche\/feutre\/"},"modified":"2018-11-25T11:56:18","modified_gmt":"2018-11-25T11:56:18","slug":"veganfilz","status":"publish","type":"page","link":"https:\/\/bien-etreiris.ch\/de\/produktpraesentation\/entspannen\/waermeflasche\/veganfilz\/","title":{"rendered":"VEGAN FILZ"},"content":{"rendered":"<p><span id=\"result_box\" class=\"\" lang=\"de\"><span class=\"\">Von Hand gestickte W\u00e4rmflaschen: warm - bequem - lustig<\/span><\/span><\/p>\n<p><span class=\"\">Hergestellt in einer kleinen Fabrik in Deutschland.<\/span> <span class=\"\">Etwas Gutes zu tun bedeutet auch, etwas Gutes zu kaufen.<\/span><br \/>\n<span class=\"\">Aufb\u00fcgelbarer doppelseitiger Vliesbezug mit Musterstickerei, waschbar bei 30 \u00b0.<\/span><br \/>\n<span class=\"\">Eine Flasche hei\u00dfes Wasser von Fashy, der Rolls Royce unter W\u00e4rmflaschen: fashy unterst\u00fctzt World Vision Projekte beim Verkauf jeder Flasche hei\u00dfen Wassers.<\/span><\/p>\n<p>&nbsp;<\/p>\nngg_shortcode_0_placeholder\n","protected":false},"excerpt":{"rendered":"<p>Von Hand gestickte W\u00e4rmflaschen: warm - bequem - lustig Hergestellt in einer kleinen Fabrik in Deutschland. Etwas Gutes zu tun bedeutet auch, etwas Gutes zu kaufen. Aufb\u00fcgelbarer doppelseitiger Vliesbezug mit Musterstickerei, waschbar bei 30 \u00b0. Eine Flasche hei\u00dfes Wasser von Fashy, der Rolls Royce unter W\u00e4rmflaschen: fashy unterst\u00fctzt World Vision Projekte beim Verkauf jeder Flasche hei\u00dfen Wassers. &nbsp; \" template=\"\/home\/clients\/9da271ecb90e9afff2993822fd44d687\/web\/wp-content\/themes\/theme52948\/nggallery\/gallery-captionNew.php\"&nbsp;<a href=\"https:\/\/bien-etreiris.ch\/de\/produktpraesentation\/entspannen\/waermeflasche\/veganfilz\/\" class=\"read-more\">Weiter lesen<\/a><\/p>\n","protected":false},"author":1,"featured_media":13522,"parent":13493,"menu_order":7804,"comment_status":"closed","ping_status":"closed","template":"","meta":{"_acf_changed":false,"ngg_post_thumbnail":0,"footnotes":""},"class_list":["post-13502","page","type-page","status-publish","has-post-thumbnail","hentry"],"acf":[],"yoast_head":"<!-- This site is optimized with the Yoast SEO plugin v27.5 - https:\/\/yoast.com\/product\/yoast-seo-wordpress\/ -->\n<title>VEGAN FILZ - WOHLBEFINDEN<\/title>\n<meta name=\"robots\" content=\"index, follow, max-snippet:-1, max-image-preview:large, max-video-preview:-1\" \/>\n<link rel=\"canonical\" href=\"https:\/\/bien-etreiris.ch\/de\/produktpraesentation\/entspannen\/waermeflasche\/veganfilz\/\" \/>\n<meta property=\"og:locale\" content=\"de_DE\" \/>\n<meta property=\"og:type\" content=\"article\" \/>\n<meta property=\"og:title\" content=\"VEGAN FILZ - WOHLBEFINDEN\" \/>\n<meta property=\"og:description\" content=\"Von Hand gestickte W\u00e4rmflaschen: warm - bequem - lustig Hergestellt in einer kleinen Fabrik in Deutschland. Etwas Gutes zu tun bedeutet auch, etwas Gutes zu kaufen. Aufb\u00fcgelbarer doppelseitiger Vliesbezug mit Musterstickerei, waschbar bei 30 \u00b0. Eine Flasche hei\u00dfes Wasser von Fashy, der Rolls Royce unter W\u00e4rmflaschen: fashy unterst\u00fctzt World Vision Projekte beim Verkauf jeder Flasche hei\u00dfen Wassers. &nbsp; &quot; template=&quot;\/home\/clients\/9da271ecb90e9afff2993822fd44d687\/web\/wp-content\/themes\/theme52948\/nggallery\/gallery-captionNew.php&quot;&nbsp;Weiter lesen\" \/>\n<meta property=\"og:url\" content=\"https:\/\/bien-etreiris.ch\/de\/produktpraesentation\/entspannen\/waermeflasche\/veganfilz\/\" \/>\n<meta property=\"og:site_name\" content=\"WOHLBEFINDEN\" \/>\n<meta property=\"article:publisher\" content=\"https:\/\/www.facebook.com\/bienetreiris\/\" \/>\n<meta property=\"article:modified_time\" content=\"2018-11-25T11:56:18+00:00\" \/>\n<meta property=\"og:image\" content=\"https:\/\/bien-etreiris.ch\/wp-content\/uploads\/2018\/11\/Acceuil-3.jpg\" \/>\n\t<meta property=\"og:image:width\" content=\"500\" \/>\n\t<meta property=\"og:image:height\" content=\"333\" \/>\n\t<meta property=\"og:image:type\" content=\"image\/jpeg\" \/>\n<meta name=\"twitter:label1\" content=\"Gesch\u00e4tzte Lesezeit\" \/>\n\t<meta name=\"twitter:data1\" content=\"1\u00a0Minute\" \/>\n<script type=\"application\/ld+json\" class=\"yoast-schema-graph\">{\"@context\":\"https:\\\/\\\/schema.org\",\"@graph\":[{\"@type\":\"WebPage\",\"@id\":\"https:\\\/\\\/bien-etreiris.ch\\\/de\\\/produktpraesentation\\\/entspannen\\\/waermeflasche\\\/veganfilz\\\/\",\"url\":\"https:\\\/\\\/bien-etreiris.ch\\\/de\\\/produktpraesentation\\\/entspannen\\\/waermeflasche\\\/veganfilz\\\/\",\"name\":\"VEGAN FILZ - WOHLBEFINDEN\",\"isPartOf\":{\"@id\":\"https:\\\/\\\/bien-etreiris.ch\\\/de\\\/#website\"},\"primaryImageOfPage\":{\"@id\":\"https:\\\/\\\/bien-etreiris.ch\\\/de\\\/produktpraesentation\\\/entspannen\\\/waermeflasche\\\/veganfilz\\\/#primaryimage\"},\"image\":{\"@id\":\"https:\\\/\\\/bien-etreiris.ch\\\/de\\\/produktpraesentation\\\/entspannen\\\/waermeflasche\\\/veganfilz\\\/#primaryimage\"},\"thumbnailUrl\":\"https:\\\/\\\/bien-etreiris.ch\\\/wp-content\\\/uploads\\\/2018\\\/11\\\/Acceuil-3.jpg\",\"datePublished\":\"2018-11-25T08:37:53+00:00\",\"dateModified\":\"2018-11-25T11:56:18+00:00\",\"breadcrumb\":{\"@id\":\"https:\\\/\\\/bien-etreiris.ch\\\/de\\\/produktpraesentation\\\/entspannen\\\/waermeflasche\\\/veganfilz\\\/#breadcrumb\"},\"inLanguage\":\"de\",\"potentialAction\":[{\"@type\":\"ReadAction\",\"target\":[\"https:\\\/\\\/bien-etreiris.ch\\\/de\\\/produktpraesentation\\\/entspannen\\\/waermeflasche\\\/veganfilz\\\/\"]}]},{\"@type\":\"ImageObject\",\"inLanguage\":\"de\",\"@id\":\"https:\\\/\\\/bien-etreiris.ch\\\/de\\\/produktpraesentation\\\/entspannen\\\/waermeflasche\\\/veganfilz\\\/#primaryimage\",\"url\":\"https:\\\/\\\/bien-etreiris.ch\\\/wp-content\\\/uploads\\\/2018\\\/11\\\/Acceuil-3.jpg\",\"contentUrl\":\"https:\\\/\\\/bien-etreiris.ch\\\/wp-content\\\/uploads\\\/2018\\\/11\\\/Acceuil-3.jpg\",\"width\":500,\"height\":333},{\"@type\":\"BreadcrumbList\",\"@id\":\"https:\\\/\\\/bien-etreiris.ch\\\/de\\\/produktpraesentation\\\/entspannen\\\/waermeflasche\\\/veganfilz\\\/#breadcrumb\",\"itemListElement\":[{\"@type\":\"ListItem\",\"position\":1,\"name\":\"Home\",\"item\":\"https:\\\/\\\/bien-etreiris.ch\\\/de\\\/\"},{\"@type\":\"ListItem\",\"position\":2,\"name\":\"PRODUKTPR\u00c4SENTATION\",\"item\":\"https:\\\/\\\/bien-etreiris.ch\\\/de\\\/produktpraesentation\\\/\"},{\"@type\":\"ListItem\",\"position\":3,\"name\":\"ENTSPANNEND\",\"item\":\"https:\\\/\\\/bien-etreiris.ch\\\/de\\\/produktpraesentation\\\/entspannen\\\/\"},{\"@type\":\"ListItem\",\"position\":4,\"name\":\"W\u00c4RMEFLASCHE\",\"item\":\"https:\\\/\\\/bien-etreiris.ch\\\/de\\\/produktpraesentation\\\/entspannen\\\/waermeflasche\\\/\"},{\"@type\":\"ListItem\",\"position\":5,\"name\":\"VEGAN FILZ\"}]},{\"@type\":\"WebSite\",\"@id\":\"https:\\\/\\\/bien-etreiris.ch\\\/de\\\/#website\",\"url\":\"https:\\\/\\\/bien-etreiris.ch\\\/de\\\/\",\"name\":\"Bien-\u00eatre Iris\",\"description\":\"IHRE Gesundheit ist uns wichtig\",\"potentialAction\":[{\"@type\":\"SearchAction\",\"target\":{\"@type\":\"EntryPoint\",\"urlTemplate\":\"https:\\\/\\\/bien-etreiris.ch\\\/de\\\/?s={search_term_string}\"},\"query-input\":{\"@type\":\"PropertyValueSpecification\",\"valueRequired\":true,\"valueName\":\"search_term_string\"}}],\"inLanguage\":\"de\"}]}<\/script>\n<!-- \/ Yoast SEO plugin. -->","yoast_head_json":{"title":"VEGAN FILZ - WOHLBEFINDEN","robots":{"index":"index","follow":"follow","max-snippet":"max-snippet:-1","max-image-preview":"max-image-preview:large","max-video-preview":"max-video-preview:-1"},"canonical":"https:\/\/bien-etreiris.ch\/de\/produktpraesentation\/entspannen\/waermeflasche\/veganfilz\/","og_locale":"de_DE","og_type":"article","og_title":"VEGAN FILZ - WOHLBEFINDEN","og_description":"Von Hand gestickte W\u00e4rmflaschen: warm - bequem - lustig Hergestellt in einer kleinen Fabrik in Deutschland. Etwas Gutes zu tun bedeutet auch, etwas Gutes zu kaufen. Aufb\u00fcgelbarer doppelseitiger Vliesbezug mit Musterstickerei, waschbar bei 30 \u00b0. Eine Flasche hei\u00dfes Wasser von Fashy, der Rolls Royce unter W\u00e4rmflaschen: fashy unterst\u00fctzt World Vision Projekte beim Verkauf jeder Flasche hei\u00dfen Wassers. &nbsp; \" template=\"\/home\/clients\/9da271ecb90e9afff2993822fd44d687\/web\/wp-content\/themes\/theme52948\/nggallery\/gallery-captionNew.php\"&nbsp;Weiter lesen","og_url":"https:\/\/bien-etreiris.ch\/de\/produktpraesentation\/entspannen\/waermeflasche\/veganfilz\/","og_site_name":"WOHLBEFINDEN","article_publisher":"https:\/\/www.facebook.com\/bienetreiris\/","article_modified_time":"2018-11-25T11:56:18+00:00","og_image":[{"width":500,"height":333,"url":"https:\/\/bien-etreiris.ch\/wp-content\/uploads\/2018\/11\/Acceuil-3.jpg","type":"image\/jpeg"}],"twitter_misc":{"Gesch\u00e4tzte Lesezeit":"1\u00a0Minute"},"schema":{"@context":"https:\/\/schema.org","@graph":[{"@type":"WebPage","@id":"https:\/\/bien-etreiris.ch\/de\/produktpraesentation\/entspannen\/waermeflasche\/veganfilz\/","url":"https:\/\/bien-etreiris.ch\/de\/produktpraesentation\/entspannen\/waermeflasche\/veganfilz\/","name":"VEGAN FILZ - WOHLBEFINDEN","isPartOf":{"@id":"https:\/\/bien-etreiris.ch\/de\/#website"},"primaryImageOfPage":{"@id":"https:\/\/bien-etreiris.ch\/de\/produktpraesentation\/entspannen\/waermeflasche\/veganfilz\/#primaryimage"},"image":{"@id":"https:\/\/bien-etreiris.ch\/de\/produktpraesentation\/entspannen\/waermeflasche\/veganfilz\/#primaryimage"},"thumbnailUrl":"https:\/\/bien-etreiris.ch\/wp-content\/uploads\/2018\/11\/Acceuil-3.jpg","datePublished":"2018-11-25T08:37:53+00:00","dateModified":"2018-11-25T11:56:18+00:00","breadcrumb":{"@id":"https:\/\/bien-etreiris.ch\/de\/produktpraesentation\/entspannen\/waermeflasche\/veganfilz\/#breadcrumb"},"inLanguage":"de","potentialAction":[{"@type":"ReadAction","target":["https:\/\/bien-etreiris.ch\/de\/produktpraesentation\/entspannen\/waermeflasche\/veganfilz\/"]}]},{"@type":"ImageObject","inLanguage":"de","@id":"https:\/\/bien-etreiris.ch\/de\/produktpraesentation\/entspannen\/waermeflasche\/veganfilz\/#primaryimage","url":"https:\/\/bien-etreiris.ch\/wp-content\/uploads\/2018\/11\/Acceuil-3.jpg","contentUrl":"https:\/\/bien-etreiris.ch\/wp-content\/uploads\/2018\/11\/Acceuil-3.jpg","width":500,"height":333},{"@type":"BreadcrumbList","@id":"https:\/\/bien-etreiris.ch\/de\/produktpraesentation\/entspannen\/waermeflasche\/veganfilz\/#breadcrumb","itemListElement":[{"@type":"ListItem","position":1,"name":"Home","item":"https:\/\/bien-etreiris.ch\/de\/"},{"@type":"ListItem","position":2,"name":"PRODUKTPR\u00c4SENTATION","item":"https:\/\/bien-etreiris.ch\/de\/produktpraesentation\/"},{"@type":"ListItem","position":3,"name":"ENTSPANNEND","item":"https:\/\/bien-etreiris.ch\/de\/produktpraesentation\/entspannen\/"},{"@type":"ListItem","position":4,"name":"W\u00c4RMEFLASCHE","item":"https:\/\/bien-etreiris.ch\/de\/produktpraesentation\/entspannen\/waermeflasche\/"},{"@type":"ListItem","position":5,"name":"VEGAN FILZ"}]},{"@type":"WebSite","@id":"https:\/\/bien-etreiris.ch\/de\/#website","url":"https:\/\/bien-etreiris.ch\/de\/","name":"Bien-\u00eatre Iris","description":"IHRE Gesundheit ist uns wichtig","potentialAction":[{"@type":"SearchAction","target":{"@type":"EntryPoint","urlTemplate":"https:\/\/bien-etreiris.ch\/de\/?s={search_term_string}"},"query-input":{"@type":"PropertyValueSpecification","valueRequired":true,"valueName":"search_term_string"}}],"inLanguage":"de"}]}},"_links":{"self":[{"href":"https:\/\/bien-etreiris.ch\/de\/wp-json\/wp\/v2\/pages\/13502","targetHints":{"allow":["GET"]}}],"collection":[{"href":"https:\/\/bien-etreiris.ch\/de\/wp-json\/wp\/v2\/pages"}],"about":[{"href":"https:\/\/bien-etreiris.ch\/de\/wp-json\/wp\/v2\/types\/page"}],"author":[{"embeddable":true,"href":"https:\/\/bien-etreiris.ch\/de\/wp-json\/wp\/v2\/users\/1"}],"replies":[{"embeddable":true,"href":"https:\/\/bien-etreiris.ch\/de\/wp-json\/wp\/v2\/comments?post=13502"}],"version-history":[{"count":3,"href":"https:\/\/bien-etreiris.ch\/de\/wp-json\/wp\/v2\/pages\/13502\/revisions"}],"predecessor-version":[{"id":13530,"href":"https:\/\/bien-etreiris.ch\/de\/wp-json\/wp\/v2\/pages\/13502\/revisions\/13530"}],"up":[{"embeddable":true,"href":"https:\/\/bien-etreiris.ch\/de\/wp-json\/wp\/v2\/pages\/13493"}],"wp:featuredmedia":[{"embeddable":true,"href":"https:\/\/bien-etreiris.ch\/de\/wp-json\/wp\/v2\/media\/13522"}],"wp:attachment":[{"href":"https:\/\/bien-etreiris.ch\/de\/wp-json\/wp\/v2\/media?parent=13502"}],"curies":[{"name":"wp","href":"https:\/\/api.w.org\/{rel}","templated":true}]}}