{"id":13476,"date":"2018-11-25T08:01:10","date_gmt":"2018-11-25T08:01:10","guid":{"rendered":"https:\/\/bien-etreiris.ch\/wohlbefinden\/kerzen\/candle-factory\/"},"modified":"2021-04-28T22:52:58","modified_gmt":"2021-04-28T20:52:58","slug":"candle-factory","status":"publish","type":"page","link":"https:\/\/bien-etreiris.ch\/de\/produktpraesentation\/entspannen\/kerzen\/candle-factory\/","title":{"rendered":"CANDLE FACTORY"},"content":{"rendered":"<p class=\"content clearfix\"><span style=\"font-size: 14pt;\">Damit sich Ihre Sinne&nbsp;freuen... unsere exklusiven Duftkerzen und Badezus\u00e4tze<\/span><\/p>\n<p>Premiumduftkerzen aus pflanzlichem <strong>Stearin<\/strong> statt Paraffin:<\/p>\n<p>Das Naturprodukt Stearin ist gegen\u00fcber Vergleichsprodukten aus Paraffin (Erd\u00f6l) umweltfreundlich.<\/p>\n<p>Das verwendete Stearin stammt aus nachhaltigem Anbau, zertifiziert nach dem vom WWF mitlancierten RSPO G\u00fctesiegel.<\/p>\n<p>Die seit 2006 in Deutschland handgefertigten Stearinkerzen von Candle Factory zeichnen sich durch eine deutlich h\u00f6here Brenndauer und saubere Brennqualit\u00e4t aus.<\/p>\n<p>Nat\u00fcrliche Duftkompositionen auf der Grundlage von \u00e4therischen \u00d6len<br \/>\nNat\u00fcrliche Duftkerzen - 100% Vegan.<\/p>\n<p>&nbsp;<\/p>\n<p><a href=\"https:\/\/decoiris.ch\/wp-content\/uploads\/2017\/11\/Jumbo-1.jpg\"><img loading=\"lazy\" decoding=\"async\" class=\"alignnone wp-image-8610\" src=\"https:\/\/decoiris.ch\/wp-content\/uploads\/2017\/11\/Jumbo-1-300x199.jpg\" alt=\"\" width=\"354\" height=\"235\" srcset=\"https:\/\/bien-etreiris.ch\/wp-content\/uploads\/2017\/11\/Jumbo-1-300x199.jpg 300w, https:\/\/bien-etreiris.ch\/wp-content\/uploads\/2017\/11\/Jumbo-1.jpg 600w\" sizes=\"auto, (max-width: 354px) 100vw, 354px\" \/><\/a><\/p>\nngg_shortcode_0_placeholder\n<p>&nbsp;<\/p>\n<p><strong><a href=\"http:\/\/www.decoiris.com\"><span style=\"font-size: 14pt;\"><span id=\"result_box\" class=\"\" lang=\"de\"><span class=\"\">Einige Produkte der Marke CANDLE FACTORY sind in unserem Gesch\u00e4ft in Neyruz erh\u00e4ltlich&nbsp; <\/span><\/span><\/span><\/a><a href=\"http:\/\/www.decoiris.com\">oder online.<\/a><\/strong><\/p>\n","protected":false},"excerpt":{"rendered":"<p>Damit sich Ihre Sinne&nbsp;freuen... unsere exklusiven Duftkerzen und Badezus\u00e4tze Premiumduftkerzen aus pflanzlichem Stearin statt Paraffin: Das Naturprodukt Stearin ist gegen\u00fcber Vergleichsprodukten aus Paraffin (Erd\u00f6l) umweltfreundlich. Das verwendete Stearin stammt aus nachhaltigem Anbau, zertifiziert nach dem vom WWF mitlancierten RSPO G\u00fctesiegel. Die seit 2006 in Deutschland handgefertigten Stearinkerzen von Candle Factory zeichnen sich durch eine deutlich h\u00f6here Brenndauer und saubere Brennqualit\u00e4t&nbsp;<a href=\"https:\/\/bien-etreiris.ch\/de\/produktpraesentation\/entspannen\/kerzen\/candle-factory\/\" class=\"read-more\">Weiter lesen<\/a><\/p>\n","protected":false},"author":1,"featured_media":43261,"parent":13468,"menu_order":7810,"comment_status":"closed","ping_status":"closed","template":"","meta":{"_acf_changed":false,"ngg_post_thumbnail":0,"footnotes":""},"class_list":["post-13476","page","type-page","status-publish","has-post-thumbnail","hentry"],"acf":[],"yoast_head":"<!-- This site is optimized with the Yoast SEO plugin v27.5 - https:\/\/yoast.com\/product\/yoast-seo-wordpress\/ -->\n<title>CANDLE FACTORY - WOHLBEFINDEN<\/title>\n<meta name=\"robots\" content=\"index, follow, max-snippet:-1, max-image-preview:large, max-video-preview:-1\" \/>\n<link rel=\"canonical\" href=\"https:\/\/bien-etreiris.ch\/de\/produktpraesentation\/entspannen\/kerzen\/candle-factory\/\" \/>\n<meta property=\"og:locale\" content=\"de_DE\" \/>\n<meta property=\"og:type\" content=\"article\" \/>\n<meta property=\"og:title\" content=\"CANDLE FACTORY - WOHLBEFINDEN\" \/>\n<meta property=\"og:description\" content=\"Damit sich Ihre Sinne&nbsp;freuen... unsere exklusiven Duftkerzen und Badezus\u00e4tze Premiumduftkerzen aus pflanzlichem Stearin statt Paraffin: Das Naturprodukt Stearin ist gegen\u00fcber Vergleichsprodukten aus Paraffin (Erd\u00f6l) umweltfreundlich. Das verwendete Stearin stammt aus nachhaltigem Anbau, zertifiziert nach dem vom WWF mitlancierten RSPO G\u00fctesiegel. Die seit 2006 in Deutschland handgefertigten Stearinkerzen von Candle Factory zeichnen sich durch eine deutlich h\u00f6here Brenndauer und saubere Brennqualit\u00e4t&nbsp;Weiter lesen\" \/>\n<meta property=\"og:url\" content=\"https:\/\/bien-etreiris.ch\/de\/produktpraesentation\/entspannen\/kerzen\/candle-factory\/\" \/>\n<meta property=\"og:site_name\" content=\"WOHLBEFINDEN\" \/>\n<meta property=\"article:publisher\" content=\"https:\/\/www.facebook.com\/bienetreiris\/\" \/>\n<meta property=\"article:modified_time\" content=\"2021-04-28T20:52:58+00:00\" \/>\n<meta property=\"og:image\" content=\"https:\/\/bien-etreiris.ch\/wp-content\/uploads\/2021\/04\/Acceuil-Candle-Factory.jpg\" \/>\n\t<meta property=\"og:image:width\" content=\"500\" \/>\n\t<meta property=\"og:image:height\" content=\"305\" \/>\n\t<meta property=\"og:image:type\" content=\"image\/jpeg\" \/>\n<meta name=\"twitter:label1\" content=\"Gesch\u00e4tzte Lesezeit\" \/>\n\t<meta name=\"twitter:data1\" content=\"1\u00a0Minute\" \/>\n<script type=\"application\/ld+json\" class=\"yoast-schema-graph\">{\"@context\":\"https:\\\/\\\/schema.org\",\"@graph\":[{\"@type\":\"WebPage\",\"@id\":\"https:\\\/\\\/bien-etreiris.ch\\\/de\\\/produktpraesentation\\\/entspannen\\\/kerzen\\\/candle-factory\\\/\",\"url\":\"https:\\\/\\\/bien-etreiris.ch\\\/de\\\/produktpraesentation\\\/entspannen\\\/kerzen\\\/candle-factory\\\/\",\"name\":\"CANDLE FACTORY - WOHLBEFINDEN\",\"isPartOf\":{\"@id\":\"https:\\\/\\\/bien-etreiris.ch\\\/de\\\/#website\"},\"primaryImageOfPage\":{\"@id\":\"https:\\\/\\\/bien-etreiris.ch\\\/de\\\/produktpraesentation\\\/entspannen\\\/kerzen\\\/candle-factory\\\/#primaryimage\"},\"image\":{\"@id\":\"https:\\\/\\\/bien-etreiris.ch\\\/de\\\/produktpraesentation\\\/entspannen\\\/kerzen\\\/candle-factory\\\/#primaryimage\"},\"thumbnailUrl\":\"https:\\\/\\\/bien-etreiris.ch\\\/wp-content\\\/uploads\\\/2021\\\/04\\\/Acceuil-Candle-Factory.jpg\",\"datePublished\":\"2018-11-25T08:01:10+00:00\",\"dateModified\":\"2021-04-28T20:52:58+00:00\",\"breadcrumb\":{\"@id\":\"https:\\\/\\\/bien-etreiris.ch\\\/de\\\/produktpraesentation\\\/entspannen\\\/kerzen\\\/candle-factory\\\/#breadcrumb\"},\"inLanguage\":\"de\",\"potentialAction\":[{\"@type\":\"ReadAction\",\"target\":[\"https:\\\/\\\/bien-etreiris.ch\\\/de\\\/produktpraesentation\\\/entspannen\\\/kerzen\\\/candle-factory\\\/\"]}]},{\"@type\":\"ImageObject\",\"inLanguage\":\"de\",\"@id\":\"https:\\\/\\\/bien-etreiris.ch\\\/de\\\/produktpraesentation\\\/entspannen\\\/kerzen\\\/candle-factory\\\/#primaryimage\",\"url\":\"https:\\\/\\\/bien-etreiris.ch\\\/wp-content\\\/uploads\\\/2021\\\/04\\\/Acceuil-Candle-Factory.jpg\",\"contentUrl\":\"https:\\\/\\\/bien-etreiris.ch\\\/wp-content\\\/uploads\\\/2021\\\/04\\\/Acceuil-Candle-Factory.jpg\",\"width\":500,\"height\":305},{\"@type\":\"BreadcrumbList\",\"@id\":\"https:\\\/\\\/bien-etreiris.ch\\\/de\\\/produktpraesentation\\\/entspannen\\\/kerzen\\\/candle-factory\\\/#breadcrumb\",\"itemListElement\":[{\"@type\":\"ListItem\",\"position\":1,\"name\":\"Home\",\"item\":\"https:\\\/\\\/bien-etreiris.ch\\\/de\\\/\"},{\"@type\":\"ListItem\",\"position\":2,\"name\":\"PRODUKTPR\u00c4SENTATION\",\"item\":\"https:\\\/\\\/bien-etreiris.ch\\\/de\\\/produktpraesentation\\\/\"},{\"@type\":\"ListItem\",\"position\":3,\"name\":\"ENTSPANNEND\",\"item\":\"https:\\\/\\\/bien-etreiris.ch\\\/de\\\/produktpraesentation\\\/entspannen\\\/\"},{\"@type\":\"ListItem\",\"position\":4,\"name\":\"KERZEN\",\"item\":\"https:\\\/\\\/bien-etreiris.ch\\\/de\\\/produktpraesentation\\\/entspannen\\\/kerzen\\\/\"},{\"@type\":\"ListItem\",\"position\":5,\"name\":\"CANDLE FACTORY\"}]},{\"@type\":\"WebSite\",\"@id\":\"https:\\\/\\\/bien-etreiris.ch\\\/de\\\/#website\",\"url\":\"https:\\\/\\\/bien-etreiris.ch\\\/de\\\/\",\"name\":\"Bien-\u00eatre Iris\",\"description\":\"IHRE Gesundheit ist uns wichtig\",\"potentialAction\":[{\"@type\":\"SearchAction\",\"target\":{\"@type\":\"EntryPoint\",\"urlTemplate\":\"https:\\\/\\\/bien-etreiris.ch\\\/de\\\/?s={search_term_string}\"},\"query-input\":{\"@type\":\"PropertyValueSpecification\",\"valueRequired\":true,\"valueName\":\"search_term_string\"}}],\"inLanguage\":\"de\"}]}<\/script>\n<!-- \/ Yoast SEO plugin. -->","yoast_head_json":{"title":"CANDLE FACTORY - WOHLBEFINDEN","robots":{"index":"index","follow":"follow","max-snippet":"max-snippet:-1","max-image-preview":"max-image-preview:large","max-video-preview":"max-video-preview:-1"},"canonical":"https:\/\/bien-etreiris.ch\/de\/produktpraesentation\/entspannen\/kerzen\/candle-factory\/","og_locale":"de_DE","og_type":"article","og_title":"CANDLE FACTORY - WOHLBEFINDEN","og_description":"Damit sich Ihre Sinne&nbsp;freuen... unsere exklusiven Duftkerzen und Badezus\u00e4tze Premiumduftkerzen aus pflanzlichem Stearin statt Paraffin: Das Naturprodukt Stearin ist gegen\u00fcber Vergleichsprodukten aus Paraffin (Erd\u00f6l) umweltfreundlich. Das verwendete Stearin stammt aus nachhaltigem Anbau, zertifiziert nach dem vom WWF mitlancierten RSPO G\u00fctesiegel. Die seit 2006 in Deutschland handgefertigten Stearinkerzen von Candle Factory zeichnen sich durch eine deutlich h\u00f6here Brenndauer und saubere Brennqualit\u00e4t&nbsp;Weiter lesen","og_url":"https:\/\/bien-etreiris.ch\/de\/produktpraesentation\/entspannen\/kerzen\/candle-factory\/","og_site_name":"WOHLBEFINDEN","article_publisher":"https:\/\/www.facebook.com\/bienetreiris\/","article_modified_time":"2021-04-28T20:52:58+00:00","og_image":[{"width":500,"height":305,"url":"https:\/\/bien-etreiris.ch\/wp-content\/uploads\/2021\/04\/Acceuil-Candle-Factory.jpg","type":"image\/jpeg"}],"twitter_misc":{"Gesch\u00e4tzte Lesezeit":"1\u00a0Minute"},"schema":{"@context":"https:\/\/schema.org","@graph":[{"@type":"WebPage","@id":"https:\/\/bien-etreiris.ch\/de\/produktpraesentation\/entspannen\/kerzen\/candle-factory\/","url":"https:\/\/bien-etreiris.ch\/de\/produktpraesentation\/entspannen\/kerzen\/candle-factory\/","name":"CANDLE FACTORY - WOHLBEFINDEN","isPartOf":{"@id":"https:\/\/bien-etreiris.ch\/de\/#website"},"primaryImageOfPage":{"@id":"https:\/\/bien-etreiris.ch\/de\/produktpraesentation\/entspannen\/kerzen\/candle-factory\/#primaryimage"},"image":{"@id":"https:\/\/bien-etreiris.ch\/de\/produktpraesentation\/entspannen\/kerzen\/candle-factory\/#primaryimage"},"thumbnailUrl":"https:\/\/bien-etreiris.ch\/wp-content\/uploads\/2021\/04\/Acceuil-Candle-Factory.jpg","datePublished":"2018-11-25T08:01:10+00:00","dateModified":"2021-04-28T20:52:58+00:00","breadcrumb":{"@id":"https:\/\/bien-etreiris.ch\/de\/produktpraesentation\/entspannen\/kerzen\/candle-factory\/#breadcrumb"},"inLanguage":"de","potentialAction":[{"@type":"ReadAction","target":["https:\/\/bien-etreiris.ch\/de\/produktpraesentation\/entspannen\/kerzen\/candle-factory\/"]}]},{"@type":"ImageObject","inLanguage":"de","@id":"https:\/\/bien-etreiris.ch\/de\/produktpraesentation\/entspannen\/kerzen\/candle-factory\/#primaryimage","url":"https:\/\/bien-etreiris.ch\/wp-content\/uploads\/2021\/04\/Acceuil-Candle-Factory.jpg","contentUrl":"https:\/\/bien-etreiris.ch\/wp-content\/uploads\/2021\/04\/Acceuil-Candle-Factory.jpg","width":500,"height":305},{"@type":"BreadcrumbList","@id":"https:\/\/bien-etreiris.ch\/de\/produktpraesentation\/entspannen\/kerzen\/candle-factory\/#breadcrumb","itemListElement":[{"@type":"ListItem","position":1,"name":"Home","item":"https:\/\/bien-etreiris.ch\/de\/"},{"@type":"ListItem","position":2,"name":"PRODUKTPR\u00c4SENTATION","item":"https:\/\/bien-etreiris.ch\/de\/produktpraesentation\/"},{"@type":"ListItem","position":3,"name":"ENTSPANNEND","item":"https:\/\/bien-etreiris.ch\/de\/produktpraesentation\/entspannen\/"},{"@type":"ListItem","position":4,"name":"KERZEN","item":"https:\/\/bien-etreiris.ch\/de\/produktpraesentation\/entspannen\/kerzen\/"},{"@type":"ListItem","position":5,"name":"CANDLE FACTORY"}]},{"@type":"WebSite","@id":"https:\/\/bien-etreiris.ch\/de\/#website","url":"https:\/\/bien-etreiris.ch\/de\/","name":"Bien-\u00eatre Iris","description":"IHRE Gesundheit ist uns wichtig","potentialAction":[{"@type":"SearchAction","target":{"@type":"EntryPoint","urlTemplate":"https:\/\/bien-etreiris.ch\/de\/?s={search_term_string}"},"query-input":{"@type":"PropertyValueSpecification","valueRequired":true,"valueName":"search_term_string"}}],"inLanguage":"de"}]}},"_links":{"self":[{"href":"https:\/\/bien-etreiris.ch\/de\/wp-json\/wp\/v2\/pages\/13476","targetHints":{"allow":["GET"]}}],"collection":[{"href":"https:\/\/bien-etreiris.ch\/de\/wp-json\/wp\/v2\/pages"}],"about":[{"href":"https:\/\/bien-etreiris.ch\/de\/wp-json\/wp\/v2\/types\/page"}],"author":[{"embeddable":true,"href":"https:\/\/bien-etreiris.ch\/de\/wp-json\/wp\/v2\/users\/1"}],"replies":[{"embeddable":true,"href":"https:\/\/bien-etreiris.ch\/de\/wp-json\/wp\/v2\/comments?post=13476"}],"version-history":[{"count":1,"href":"https:\/\/bien-etreiris.ch\/de\/wp-json\/wp\/v2\/pages\/13476\/revisions"}],"predecessor-version":[{"id":13478,"href":"https:\/\/bien-etreiris.ch\/de\/wp-json\/wp\/v2\/pages\/13476\/revisions\/13478"}],"up":[{"embeddable":true,"href":"https:\/\/bien-etreiris.ch\/de\/wp-json\/wp\/v2\/pages\/13468"}],"wp:featuredmedia":[{"embeddable":true,"href":"https:\/\/bien-etreiris.ch\/de\/wp-json\/wp\/v2\/media\/43261"}],"wp:attachment":[{"href":"https:\/\/bien-etreiris.ch\/de\/wp-json\/wp\/v2\/media?parent=13476"}],"curies":[{"name":"wp","href":"https:\/\/api.w.org\/{rel}","templated":true}]}}