{"id":13413,"date":"2018-11-24T20:58:32","date_gmt":"2018-11-24T20:58:32","guid":{"rendered":"https:\/\/bien-etreiris.ch\/bien-etre\/arolle-pin\/"},"modified":"2021-06-05T09:57:46","modified_gmt":"2021-06-05T07:57:46","slug":"arven-produkte","status":"publish","type":"page","link":"https:\/\/bien-etreiris.ch\/de\/produktpraesentation\/entspannen\/arven-produkte\/","title":{"rendered":"ARVEN PRODUKTE"},"content":{"rendered":"<p><strong>Die Arve - K\u00f6nigin der Alpen - zieht mit den Biokosmetik Produkten&nbsp; in unser Sortiment ein. Hierzulande als Arve bekannt, w\u00e4chst die extrem widerstandsf\u00e4hige Zirbelkiefer ab 1400 Metern H\u00f6he und wird bis zu 1000 Jahre alt. Dabei entwickelt sie ganz besondere Qualit\u00e4ten, eine nat\u00fcrliche \u00abWeisheit\u00bb, die auch dem Menschen zu Gute kommt. So wird die f\u00fcr K\u00f6rper und Geist ausgleichende Wir\u00adkung ihres \u00d6ls aus Zweigen und Nadeln seit jeher als bew\u00e4hr\u00adtes Hausmittel gesch\u00e4tzt. Zirben Holz senkt wissenschaftlich belegt die Herzfrequenz.Garanriert&nbsp; l00% reines&nbsp; \u00e4therisches \u00d6l <\/strong><\/p>\n<p>Wie alle Nadel \u00d6le wirkt auch die Arve schleiml\u00f6send, entkrampfend sowie reinigend auf die Atemwege und ist daher ein bew\u00e4hrtes Mittel bei Husten, Bronchitis und Erk\u00e4ltungen. Zudem aktiviert sie die Atmung, macht wach und selbstbewusst. Arven \u00d6l wirkt ausserdem sehr gut gegen Motten und M\u00fccken (z.B. in einer Duftlampe). Verd\u00fcnnt zu verwenden.<\/p>\n<p><span style=\"font-size: 14pt;\">Gutes von der Zirbe<\/span><\/p>\n<p>Die Zirbe hilft ..<\/p>\n<ul class=\"check\">\n<li>Gegen Erk\u00e4ltungskrankheiten<\/li>\n<li>Steigert die Durchblutung<\/li>\n<li>Erholsamer Schlaf<\/li>\n<li>Positiv f\u00fcr den Organismus<\/li>\n<li>Gegen Motten<\/li>\n<\/ul>\n<p>&nbsp;<\/p>\n","protected":false},"excerpt":{"rendered":"<p>Die Arve - K\u00f6nigin der Alpen - zieht mit den Biokosmetik Produkten&nbsp; in unser Sortiment ein. Hierzulande als Arve bekannt, w\u00e4chst die extrem widerstandsf\u00e4hige Zirbelkiefer ab 1400 Metern H\u00f6he und wird bis zu 1000 Jahre alt. Dabei entwickelt sie ganz besondere Qualit\u00e4ten, eine nat\u00fcrliche \u00abWeisheit\u00bb, die auch dem Menschen zu Gute kommt. So wird die f\u00fcr K\u00f6rper und Geist ausgleichende&nbsp;<a href=\"https:\/\/bien-etreiris.ch\/de\/produktpraesentation\/entspannen\/arven-produkte\/\" class=\"read-more\">Weiter lesen<\/a><\/p>\n","protected":false},"author":1,"featured_media":43242,"parent":16315,"menu_order":7816,"comment_status":"closed","ping_status":"closed","template":"page-with-child.php","meta":{"_acf_changed":false,"ngg_post_thumbnail":0,"footnotes":""},"class_list":["post-13413","page","type-page","status-publish","has-post-thumbnail","hentry"],"acf":[],"yoast_head":"<!-- This site is optimized with the Yoast SEO plugin v27.3 - https:\/\/yoast.com\/product\/yoast-seo-wordpress\/ -->\n<title>ARVEN PRODUKTE - WOHLBEFINDEN<\/title>\n<meta name=\"robots\" content=\"index, follow, max-snippet:-1, max-image-preview:large, max-video-preview:-1\" \/>\n<link rel=\"canonical\" href=\"https:\/\/bien-etreiris.ch\/de\/produktpraesentation\/entspannen\/arven-produkte\/\" \/>\n<meta property=\"og:locale\" content=\"de_DE\" \/>\n<meta property=\"og:type\" content=\"article\" \/>\n<meta property=\"og:title\" content=\"ARVEN PRODUKTE - WOHLBEFINDEN\" \/>\n<meta property=\"og:description\" content=\"Die Arve - K\u00f6nigin der Alpen - zieht mit den Biokosmetik Produkten&nbsp; in unser Sortiment ein. Hierzulande als Arve bekannt, w\u00e4chst die extrem widerstandsf\u00e4hige Zirbelkiefer ab 1400 Metern H\u00f6he und wird bis zu 1000 Jahre alt. Dabei entwickelt sie ganz besondere Qualit\u00e4ten, eine nat\u00fcrliche \u00abWeisheit\u00bb, die auch dem Menschen zu Gute kommt. So wird die f\u00fcr K\u00f6rper und Geist ausgleichende&nbsp;Weiter lesen\" \/>\n<meta property=\"og:url\" content=\"https:\/\/bien-etreiris.ch\/de\/produktpraesentation\/entspannen\/arven-produkte\/\" \/>\n<meta property=\"og:site_name\" content=\"WOHLBEFINDEN\" \/>\n<meta property=\"article:publisher\" content=\"https:\/\/www.facebook.com\/bienetreiris\/\" \/>\n<meta property=\"article:modified_time\" content=\"2021-06-05T07:57:46+00:00\" \/>\n<meta property=\"og:image\" content=\"https:\/\/bien-etreiris.ch\/wp-content\/uploads\/2021\/04\/Acceuil-Arolle-Pin.jpg\" \/>\n\t<meta property=\"og:image:width\" content=\"500\" \/>\n\t<meta property=\"og:image:height\" content=\"305\" \/>\n\t<meta property=\"og:image:type\" content=\"image\/jpeg\" \/>\n<meta name=\"twitter:label1\" content=\"Gesch\u00e4tzte Lesezeit\" \/>\n\t<meta name=\"twitter:data1\" content=\"1\u00a0Minute\" \/>\n<script type=\"application\/ld+json\" class=\"yoast-schema-graph\">{\"@context\":\"https:\\\/\\\/schema.org\",\"@graph\":[{\"@type\":\"WebPage\",\"@id\":\"https:\\\/\\\/bien-etreiris.ch\\\/de\\\/produktpraesentation\\\/entspannen\\\/arven-produkte\\\/\",\"url\":\"https:\\\/\\\/bien-etreiris.ch\\\/de\\\/produktpraesentation\\\/entspannen\\\/arven-produkte\\\/\",\"name\":\"ARVEN PRODUKTE - WOHLBEFINDEN\",\"isPartOf\":{\"@id\":\"https:\\\/\\\/bien-etreiris.ch\\\/de\\\/#website\"},\"primaryImageOfPage\":{\"@id\":\"https:\\\/\\\/bien-etreiris.ch\\\/de\\\/produktpraesentation\\\/entspannen\\\/arven-produkte\\\/#primaryimage\"},\"image\":{\"@id\":\"https:\\\/\\\/bien-etreiris.ch\\\/de\\\/produktpraesentation\\\/entspannen\\\/arven-produkte\\\/#primaryimage\"},\"thumbnailUrl\":\"https:\\\/\\\/bien-etreiris.ch\\\/wp-content\\\/uploads\\\/2021\\\/04\\\/Acceuil-Arolle-Pin.jpg\",\"datePublished\":\"2018-11-24T20:58:32+00:00\",\"dateModified\":\"2021-06-05T07:57:46+00:00\",\"breadcrumb\":{\"@id\":\"https:\\\/\\\/bien-etreiris.ch\\\/de\\\/produktpraesentation\\\/entspannen\\\/arven-produkte\\\/#breadcrumb\"},\"inLanguage\":\"de\",\"potentialAction\":[{\"@type\":\"ReadAction\",\"target\":[\"https:\\\/\\\/bien-etreiris.ch\\\/de\\\/produktpraesentation\\\/entspannen\\\/arven-produkte\\\/\"]}]},{\"@type\":\"ImageObject\",\"inLanguage\":\"de\",\"@id\":\"https:\\\/\\\/bien-etreiris.ch\\\/de\\\/produktpraesentation\\\/entspannen\\\/arven-produkte\\\/#primaryimage\",\"url\":\"https:\\\/\\\/bien-etreiris.ch\\\/wp-content\\\/uploads\\\/2021\\\/04\\\/Acceuil-Arolle-Pin.jpg\",\"contentUrl\":\"https:\\\/\\\/bien-etreiris.ch\\\/wp-content\\\/uploads\\\/2021\\\/04\\\/Acceuil-Arolle-Pin.jpg\",\"width\":500,\"height\":305},{\"@type\":\"BreadcrumbList\",\"@id\":\"https:\\\/\\\/bien-etreiris.ch\\\/de\\\/produktpraesentation\\\/entspannen\\\/arven-produkte\\\/#breadcrumb\",\"itemListElement\":[{\"@type\":\"ListItem\",\"position\":1,\"name\":\"Home\",\"item\":\"https:\\\/\\\/bien-etreiris.ch\\\/de\\\/\"},{\"@type\":\"ListItem\",\"position\":2,\"name\":\"PRODUKTPR\u00c4SENTATION\",\"item\":\"https:\\\/\\\/bien-etreiris.ch\\\/de\\\/produktpraesentation\\\/\"},{\"@type\":\"ListItem\",\"position\":3,\"name\":\"ENTSPANNEND\",\"item\":\"https:\\\/\\\/bien-etreiris.ch\\\/de\\\/produktpraesentation\\\/entspannen\\\/\"},{\"@type\":\"ListItem\",\"position\":4,\"name\":\"ARVEN PRODUKTE\"}]},{\"@type\":\"WebSite\",\"@id\":\"https:\\\/\\\/bien-etreiris.ch\\\/de\\\/#website\",\"url\":\"https:\\\/\\\/bien-etreiris.ch\\\/de\\\/\",\"name\":\"Bien-\u00eatre Iris\",\"description\":\"IHRE Gesundheit ist uns wichtig\",\"potentialAction\":[{\"@type\":\"SearchAction\",\"target\":{\"@type\":\"EntryPoint\",\"urlTemplate\":\"https:\\\/\\\/bien-etreiris.ch\\\/de\\\/?s={search_term_string}\"},\"query-input\":{\"@type\":\"PropertyValueSpecification\",\"valueRequired\":true,\"valueName\":\"search_term_string\"}}],\"inLanguage\":\"de\"}]}<\/script>\n<!-- \/ Yoast SEO plugin. -->","yoast_head_json":{"title":"ARVEN PRODUKTE - WOHLBEFINDEN","robots":{"index":"index","follow":"follow","max-snippet":"max-snippet:-1","max-image-preview":"max-image-preview:large","max-video-preview":"max-video-preview:-1"},"canonical":"https:\/\/bien-etreiris.ch\/de\/produktpraesentation\/entspannen\/arven-produkte\/","og_locale":"de_DE","og_type":"article","og_title":"ARVEN PRODUKTE - WOHLBEFINDEN","og_description":"Die Arve - K\u00f6nigin der Alpen - zieht mit den Biokosmetik Produkten&nbsp; in unser Sortiment ein. Hierzulande als Arve bekannt, w\u00e4chst die extrem widerstandsf\u00e4hige Zirbelkiefer ab 1400 Metern H\u00f6he und wird bis zu 1000 Jahre alt. Dabei entwickelt sie ganz besondere Qualit\u00e4ten, eine nat\u00fcrliche \u00abWeisheit\u00bb, die auch dem Menschen zu Gute kommt. So wird die f\u00fcr K\u00f6rper und Geist ausgleichende&nbsp;Weiter lesen","og_url":"https:\/\/bien-etreiris.ch\/de\/produktpraesentation\/entspannen\/arven-produkte\/","og_site_name":"WOHLBEFINDEN","article_publisher":"https:\/\/www.facebook.com\/bienetreiris\/","article_modified_time":"2021-06-05T07:57:46+00:00","og_image":[{"width":500,"height":305,"url":"https:\/\/bien-etreiris.ch\/wp-content\/uploads\/2021\/04\/Acceuil-Arolle-Pin.jpg","type":"image\/jpeg"}],"twitter_misc":{"Gesch\u00e4tzte Lesezeit":"1\u00a0Minute"},"schema":{"@context":"https:\/\/schema.org","@graph":[{"@type":"WebPage","@id":"https:\/\/bien-etreiris.ch\/de\/produktpraesentation\/entspannen\/arven-produkte\/","url":"https:\/\/bien-etreiris.ch\/de\/produktpraesentation\/entspannen\/arven-produkte\/","name":"ARVEN PRODUKTE - WOHLBEFINDEN","isPartOf":{"@id":"https:\/\/bien-etreiris.ch\/de\/#website"},"primaryImageOfPage":{"@id":"https:\/\/bien-etreiris.ch\/de\/produktpraesentation\/entspannen\/arven-produkte\/#primaryimage"},"image":{"@id":"https:\/\/bien-etreiris.ch\/de\/produktpraesentation\/entspannen\/arven-produkte\/#primaryimage"},"thumbnailUrl":"https:\/\/bien-etreiris.ch\/wp-content\/uploads\/2021\/04\/Acceuil-Arolle-Pin.jpg","datePublished":"2018-11-24T20:58:32+00:00","dateModified":"2021-06-05T07:57:46+00:00","breadcrumb":{"@id":"https:\/\/bien-etreiris.ch\/de\/produktpraesentation\/entspannen\/arven-produkte\/#breadcrumb"},"inLanguage":"de","potentialAction":[{"@type":"ReadAction","target":["https:\/\/bien-etreiris.ch\/de\/produktpraesentation\/entspannen\/arven-produkte\/"]}]},{"@type":"ImageObject","inLanguage":"de","@id":"https:\/\/bien-etreiris.ch\/de\/produktpraesentation\/entspannen\/arven-produkte\/#primaryimage","url":"https:\/\/bien-etreiris.ch\/wp-content\/uploads\/2021\/04\/Acceuil-Arolle-Pin.jpg","contentUrl":"https:\/\/bien-etreiris.ch\/wp-content\/uploads\/2021\/04\/Acceuil-Arolle-Pin.jpg","width":500,"height":305},{"@type":"BreadcrumbList","@id":"https:\/\/bien-etreiris.ch\/de\/produktpraesentation\/entspannen\/arven-produkte\/#breadcrumb","itemListElement":[{"@type":"ListItem","position":1,"name":"Home","item":"https:\/\/bien-etreiris.ch\/de\/"},{"@type":"ListItem","position":2,"name":"PRODUKTPR\u00c4SENTATION","item":"https:\/\/bien-etreiris.ch\/de\/produktpraesentation\/"},{"@type":"ListItem","position":3,"name":"ENTSPANNEND","item":"https:\/\/bien-etreiris.ch\/de\/produktpraesentation\/entspannen\/"},{"@type":"ListItem","position":4,"name":"ARVEN PRODUKTE"}]},{"@type":"WebSite","@id":"https:\/\/bien-etreiris.ch\/de\/#website","url":"https:\/\/bien-etreiris.ch\/de\/","name":"Bien-\u00eatre Iris","description":"IHRE Gesundheit ist uns wichtig","potentialAction":[{"@type":"SearchAction","target":{"@type":"EntryPoint","urlTemplate":"https:\/\/bien-etreiris.ch\/de\/?s={search_term_string}"},"query-input":{"@type":"PropertyValueSpecification","valueRequired":true,"valueName":"search_term_string"}}],"inLanguage":"de"}]}},"_links":{"self":[{"href":"https:\/\/bien-etreiris.ch\/de\/wp-json\/wp\/v2\/pages\/13413","targetHints":{"allow":["GET"]}}],"collection":[{"href":"https:\/\/bien-etreiris.ch\/de\/wp-json\/wp\/v2\/pages"}],"about":[{"href":"https:\/\/bien-etreiris.ch\/de\/wp-json\/wp\/v2\/types\/page"}],"author":[{"embeddable":true,"href":"https:\/\/bien-etreiris.ch\/de\/wp-json\/wp\/v2\/users\/1"}],"replies":[{"embeddable":true,"href":"https:\/\/bien-etreiris.ch\/de\/wp-json\/wp\/v2\/comments?post=13413"}],"version-history":[{"count":25,"href":"https:\/\/bien-etreiris.ch\/de\/wp-json\/wp\/v2\/pages\/13413\/revisions"}],"predecessor-version":[{"id":49491,"href":"https:\/\/bien-etreiris.ch\/de\/wp-json\/wp\/v2\/pages\/13413\/revisions\/49491"}],"up":[{"embeddable":true,"href":"https:\/\/bien-etreiris.ch\/de\/wp-json\/wp\/v2\/pages\/16315"}],"wp:featuredmedia":[{"embeddable":true,"href":"https:\/\/bien-etreiris.ch\/de\/wp-json\/wp\/v2\/media\/43242"}],"wp:attachment":[{"href":"https:\/\/bien-etreiris.ch\/de\/wp-json\/wp\/v2\/media?parent=13413"}],"curies":[{"name":"wp","href":"https:\/\/api.w.org\/{rel}","templated":true}]}}