{"id":13332,"date":"2018-11-24T15:30:39","date_gmt":"2018-11-24T15:30:39","guid":{"rendered":"https:\/\/bien-etreiris.ch\/?page_id=13332"},"modified":"2025-07-06T04:57:40","modified_gmt":"2025-07-06T02:57:40","slug":"produktpraesentation","status":"publish","type":"page","link":"https:\/\/bien-etreiris.ch\/de\/produktpraesentation\/","title":{"rendered":"PRODUKTPR\u00c4SENTATION"},"content":{"rendered":"<h4>Derzeit \u00fcberarbeiten wir die Inhalte dieser Bereiche, weshalb der Zugriff darauf vor\u00fcbergehend eingeschr\u00e4nkt ist.<\/h4>\n<h4><span style=\"color: #99cc00;\">Besuchen Sie uns in unserem wundersch\u00f6nen, k\u00fcrzlich renovierten Gesch\u00e4ft.<\/span><\/h4>\n<h4><span style=\"color: #99cc00;\">In unserem Gesch\u00e4ft finden Sie zahlreiche Produkte aus folgenden Bereichen:<\/span><\/h4>\n<p><span class=\"tlid-translation translation\" lang=\"fr\"><span class=\"\" title=\"\">&nbsp;&nbsp; &nbsp;&nbsp;&nbsp;<br \/>\n<\/span><\/span><\/p>\n","protected":false},"excerpt":{"rendered":"<p>Derzeit \u00fcberarbeiten wir die Inhalte dieser Bereiche, weshalb der Zugriff darauf vor\u00fcbergehend eingeschr\u00e4nkt ist. Besuchen Sie uns in unserem wundersch\u00f6nen, k\u00fcrzlich renovierten Gesch\u00e4ft. In unserem Gesch\u00e4ft finden Sie zahlreiche Produkte aus folgenden Bereichen: &nbsp;&nbsp; &nbsp;&nbsp;&nbsp;<\/p>\n","protected":false},"author":1,"featured_media":13338,"parent":0,"menu_order":7828,"comment_status":"closed","ping_status":"closed","template":"page-with-child.php","meta":{"_acf_changed":false,"ngg_post_thumbnail":0,"footnotes":""},"class_list":["post-13332","page","type-page","status-publish","has-post-thumbnail","hentry"],"acf":[],"yoast_head":"<!-- This site is optimized with the Yoast SEO plugin v27.6 - https:\/\/yoast.com\/product\/yoast-seo-wordpress\/ -->\n<title>PRODUKTPR\u00c4SENTATION - WOHLBEFINDEN<\/title>\n<meta name=\"robots\" content=\"index, follow, max-snippet:-1, max-image-preview:large, max-video-preview:-1\" \/>\n<link rel=\"canonical\" href=\"https:\/\/bien-etreiris.ch\/de\/produktpraesentation\/\" \/>\n<meta property=\"og:locale\" content=\"de_DE\" \/>\n<meta property=\"og:type\" content=\"article\" \/>\n<meta property=\"og:title\" content=\"PRODUKTPR\u00c4SENTATION - WOHLBEFINDEN\" \/>\n<meta property=\"og:description\" content=\"Derzeit \u00fcberarbeiten wir die Inhalte dieser Bereiche, weshalb der Zugriff darauf vor\u00fcbergehend eingeschr\u00e4nkt ist. Besuchen Sie uns in unserem wundersch\u00f6nen, k\u00fcrzlich renovierten Gesch\u00e4ft. In unserem Gesch\u00e4ft finden Sie zahlreiche Produkte aus folgenden Bereichen: &nbsp;&nbsp; &nbsp;&nbsp;&nbsp;\" \/>\n<meta property=\"og:url\" content=\"https:\/\/bien-etreiris.ch\/de\/produktpraesentation\/\" \/>\n<meta property=\"og:site_name\" content=\"WOHLBEFINDEN\" \/>\n<meta property=\"article:publisher\" content=\"https:\/\/www.facebook.com\/bienetreiris\/\" \/>\n<meta property=\"article:modified_time\" content=\"2025-07-06T02:57:40+00:00\" \/>\n<meta property=\"og:image\" content=\"https:\/\/bien-etreiris.ch\/wp-content\/uploads\/2018\/11\/Acceuil-1-1.jpg\" \/>\n\t<meta property=\"og:image:width\" content=\"600\" \/>\n\t<meta property=\"og:image:height\" content=\"358\" \/>\n\t<meta property=\"og:image:type\" content=\"image\/jpeg\" \/>\n<meta name=\"twitter:label1\" content=\"Gesch\u00e4tzte Lesezeit\" \/>\n\t<meta name=\"twitter:data1\" content=\"1\u00a0Minute\" \/>\n<script type=\"application\/ld+json\" class=\"yoast-schema-graph\">{\"@context\":\"https:\\\/\\\/schema.org\",\"@graph\":[{\"@type\":\"WebPage\",\"@id\":\"https:\\\/\\\/bien-etreiris.ch\\\/de\\\/produktpraesentation\\\/\",\"url\":\"https:\\\/\\\/bien-etreiris.ch\\\/de\\\/produktpraesentation\\\/\",\"name\":\"PRODUKTPR\u00c4SENTATION - WOHLBEFINDEN\",\"isPartOf\":{\"@id\":\"https:\\\/\\\/bien-etreiris.ch\\\/de\\\/#website\"},\"primaryImageOfPage\":{\"@id\":\"https:\\\/\\\/bien-etreiris.ch\\\/de\\\/produktpraesentation\\\/#primaryimage\"},\"image\":{\"@id\":\"https:\\\/\\\/bien-etreiris.ch\\\/de\\\/produktpraesentation\\\/#primaryimage\"},\"thumbnailUrl\":\"https:\\\/\\\/bien-etreiris.ch\\\/wp-content\\\/uploads\\\/2018\\\/11\\\/Acceuil-1-1.jpg\",\"datePublished\":\"2018-11-24T15:30:39+00:00\",\"dateModified\":\"2025-07-06T02:57:40+00:00\",\"breadcrumb\":{\"@id\":\"https:\\\/\\\/bien-etreiris.ch\\\/de\\\/produktpraesentation\\\/#breadcrumb\"},\"inLanguage\":\"de\",\"potentialAction\":[{\"@type\":\"ReadAction\",\"target\":[\"https:\\\/\\\/bien-etreiris.ch\\\/de\\\/produktpraesentation\\\/\"]}]},{\"@type\":\"ImageObject\",\"inLanguage\":\"de\",\"@id\":\"https:\\\/\\\/bien-etreiris.ch\\\/de\\\/produktpraesentation\\\/#primaryimage\",\"url\":\"https:\\\/\\\/bien-etreiris.ch\\\/wp-content\\\/uploads\\\/2018\\\/11\\\/Acceuil-1-1.jpg\",\"contentUrl\":\"https:\\\/\\\/bien-etreiris.ch\\\/wp-content\\\/uploads\\\/2018\\\/11\\\/Acceuil-1-1.jpg\",\"width\":600,\"height\":358},{\"@type\":\"BreadcrumbList\",\"@id\":\"https:\\\/\\\/bien-etreiris.ch\\\/de\\\/produktpraesentation\\\/#breadcrumb\",\"itemListElement\":[{\"@type\":\"ListItem\",\"position\":1,\"name\":\"Home\",\"item\":\"https:\\\/\\\/bien-etreiris.ch\\\/de\\\/\"},{\"@type\":\"ListItem\",\"position\":2,\"name\":\"PRODUKTPR\u00c4SENTATION\"}]},{\"@type\":\"WebSite\",\"@id\":\"https:\\\/\\\/bien-etreiris.ch\\\/de\\\/#website\",\"url\":\"https:\\\/\\\/bien-etreiris.ch\\\/de\\\/\",\"name\":\"Bien-\u00eatre Iris\",\"description\":\"IHRE Gesundheit ist uns wichtig\",\"potentialAction\":[{\"@type\":\"SearchAction\",\"target\":{\"@type\":\"EntryPoint\",\"urlTemplate\":\"https:\\\/\\\/bien-etreiris.ch\\\/de\\\/?s={search_term_string}\"},\"query-input\":{\"@type\":\"PropertyValueSpecification\",\"valueRequired\":true,\"valueName\":\"search_term_string\"}}],\"inLanguage\":\"de\"}]}<\/script>\n<!-- \/ Yoast SEO plugin. -->","yoast_head_json":{"title":"PRODUKTPR\u00c4SENTATION - WOHLBEFINDEN","robots":{"index":"index","follow":"follow","max-snippet":"max-snippet:-1","max-image-preview":"max-image-preview:large","max-video-preview":"max-video-preview:-1"},"canonical":"https:\/\/bien-etreiris.ch\/de\/produktpraesentation\/","og_locale":"de_DE","og_type":"article","og_title":"PRODUKTPR\u00c4SENTATION - WOHLBEFINDEN","og_description":"Derzeit \u00fcberarbeiten wir die Inhalte dieser Bereiche, weshalb der Zugriff darauf vor\u00fcbergehend eingeschr\u00e4nkt ist. Besuchen Sie uns in unserem wundersch\u00f6nen, k\u00fcrzlich renovierten Gesch\u00e4ft. In unserem Gesch\u00e4ft finden Sie zahlreiche Produkte aus folgenden Bereichen: &nbsp;&nbsp; &nbsp;&nbsp;&nbsp;","og_url":"https:\/\/bien-etreiris.ch\/de\/produktpraesentation\/","og_site_name":"WOHLBEFINDEN","article_publisher":"https:\/\/www.facebook.com\/bienetreiris\/","article_modified_time":"2025-07-06T02:57:40+00:00","og_image":[{"width":600,"height":358,"url":"https:\/\/bien-etreiris.ch\/wp-content\/uploads\/2018\/11\/Acceuil-1-1.jpg","type":"image\/jpeg"}],"twitter_misc":{"Gesch\u00e4tzte Lesezeit":"1\u00a0Minute"},"schema":{"@context":"https:\/\/schema.org","@graph":[{"@type":"WebPage","@id":"https:\/\/bien-etreiris.ch\/de\/produktpraesentation\/","url":"https:\/\/bien-etreiris.ch\/de\/produktpraesentation\/","name":"PRODUKTPR\u00c4SENTATION - WOHLBEFINDEN","isPartOf":{"@id":"https:\/\/bien-etreiris.ch\/de\/#website"},"primaryImageOfPage":{"@id":"https:\/\/bien-etreiris.ch\/de\/produktpraesentation\/#primaryimage"},"image":{"@id":"https:\/\/bien-etreiris.ch\/de\/produktpraesentation\/#primaryimage"},"thumbnailUrl":"https:\/\/bien-etreiris.ch\/wp-content\/uploads\/2018\/11\/Acceuil-1-1.jpg","datePublished":"2018-11-24T15:30:39+00:00","dateModified":"2025-07-06T02:57:40+00:00","breadcrumb":{"@id":"https:\/\/bien-etreiris.ch\/de\/produktpraesentation\/#breadcrumb"},"inLanguage":"de","potentialAction":[{"@type":"ReadAction","target":["https:\/\/bien-etreiris.ch\/de\/produktpraesentation\/"]}]},{"@type":"ImageObject","inLanguage":"de","@id":"https:\/\/bien-etreiris.ch\/de\/produktpraesentation\/#primaryimage","url":"https:\/\/bien-etreiris.ch\/wp-content\/uploads\/2018\/11\/Acceuil-1-1.jpg","contentUrl":"https:\/\/bien-etreiris.ch\/wp-content\/uploads\/2018\/11\/Acceuil-1-1.jpg","width":600,"height":358},{"@type":"BreadcrumbList","@id":"https:\/\/bien-etreiris.ch\/de\/produktpraesentation\/#breadcrumb","itemListElement":[{"@type":"ListItem","position":1,"name":"Home","item":"https:\/\/bien-etreiris.ch\/de\/"},{"@type":"ListItem","position":2,"name":"PRODUKTPR\u00c4SENTATION"}]},{"@type":"WebSite","@id":"https:\/\/bien-etreiris.ch\/de\/#website","url":"https:\/\/bien-etreiris.ch\/de\/","name":"Bien-\u00eatre Iris","description":"IHRE Gesundheit ist uns wichtig","potentialAction":[{"@type":"SearchAction","target":{"@type":"EntryPoint","urlTemplate":"https:\/\/bien-etreiris.ch\/de\/?s={search_term_string}"},"query-input":{"@type":"PropertyValueSpecification","valueRequired":true,"valueName":"search_term_string"}}],"inLanguage":"de"}]}},"_links":{"self":[{"href":"https:\/\/bien-etreiris.ch\/de\/wp-json\/wp\/v2\/pages\/13332","targetHints":{"allow":["GET"]}}],"collection":[{"href":"https:\/\/bien-etreiris.ch\/de\/wp-json\/wp\/v2\/pages"}],"about":[{"href":"https:\/\/bien-etreiris.ch\/de\/wp-json\/wp\/v2\/types\/page"}],"author":[{"embeddable":true,"href":"https:\/\/bien-etreiris.ch\/de\/wp-json\/wp\/v2\/users\/1"}],"replies":[{"embeddable":true,"href":"https:\/\/bien-etreiris.ch\/de\/wp-json\/wp\/v2\/comments?post=13332"}],"version-history":[{"count":23,"href":"https:\/\/bien-etreiris.ch\/de\/wp-json\/wp\/v2\/pages\/13332\/revisions"}],"predecessor-version":[{"id":96679,"href":"https:\/\/bien-etreiris.ch\/de\/wp-json\/wp\/v2\/pages\/13332\/revisions\/96679"}],"wp:featuredmedia":[{"embeddable":true,"href":"https:\/\/bien-etreiris.ch\/de\/wp-json\/wp\/v2\/media\/13338"}],"wp:attachment":[{"href":"https:\/\/bien-etreiris.ch\/de\/wp-json\/wp\/v2\/media?parent=13332"}],"curies":[{"name":"wp","href":"https:\/\/api.w.org\/{rel}","templated":true}]}}