{"id":10142,"date":"2017-08-21T04:48:14","date_gmt":"2017-08-21T04:48:14","guid":{"rendered":"https:\/\/bien-etreiris.ch\/demo\/politique-de-confidentialite\/"},"modified":"2021-07-13T01:50:46","modified_gmt":"2021-07-12T23:50:46","slug":"dauerschutzbestimmungen","status":"publish","type":"page","link":"https:\/\/bien-etreiris.ch\/de\/dauerschutzbestimmungen\/","title":{"rendered":"DAUERSCHUTZBESTIMMUNGEN"},"content":{"rendered":"<div class=\"row \">\n<div class=\"span12 \"><p><strong>Adresse du contact<br \/>\n<\/strong><\/p>\n<ul>\n<li>Bien-\u00eatre Iris<\/li>\n<li>route de Fribourg 1<\/li>\n<li>1740 Neyruz<\/li>\n<li>Schweiz<\/li>\n<li>Tel.+41&nbsp;026&nbsp;477 07 27<\/li>\n<li>info @bien-etreiris.ch<\/li>\n<\/ul>\n<p>&nbsp;&nbsp;&nbsp;&nbsp;&nbsp;&nbsp;&nbsp;&nbsp;<\/p>\n<p><strong>Directrice G\u00e9n\u00e9ral:&nbsp; <\/strong>Iris Spycher<\/p>\n<p><strong>Num\u00e9ro du registre de commerce:&nbsp;<\/strong> CHE-109.525.462<\/p>\n<p><strong>Bureau du registre de commerce: <\/strong>Fribourg<\/p>\n<p>&nbsp;&nbsp;&nbsp;&nbsp;&nbsp;&nbsp;&nbsp;&nbsp;&nbsp;&nbsp;&nbsp;&nbsp;&nbsp;&nbsp;&nbsp;&nbsp;<\/p>\n<p><strong>Haftungsausschluss<\/strong><\/p>\n<ul>\n<li>Der Autor \u00fcbernimmt keinerlei Gew\u00e4hr hinsichtlich der&nbsp; inhaltlichen Richtigkeit, Genauigkeit, Aktualit\u00e4t, Zuverl\u00e4ssigkeit und&nbsp; Vollst\u00e4ndigkeit der Informationen.<\/li>\n<li>Haftungsanspr\u00fcche gegen den Autor wegen Sch\u00e4den materieller&nbsp; oder immaterieller Art, welche aus dem Zugriff oder der Nutzung bzw.&nbsp; Nichtnutzung der ver\u00f6ffentlichten Informationen, durch Missbrauch der&nbsp; Verbindung oder durch technische St\u00f6rungen entstanden sind, werden&nbsp; ausgeschlossen.<\/li>\n<li>Alle&nbsp; Angebote sind unverbindlich. Der Autor beh\u00e4lt es sich ausdr\u00fccklich vor, Teile&nbsp; der Seiten oder das gesamte Angebot ohne gesonderte Ank\u00fcndigung zu ver\u00e4ndern,&nbsp; zu erg\u00e4nzen, zu l\u00f6schen oder die Ver\u00f6ffentlichung zeitweise oder endg\u00fcltig&nbsp; einzustellen. &nbsp;&nbsp;&nbsp;&nbsp;&nbsp;&nbsp;&nbsp;&nbsp;&nbsp;&nbsp;&nbsp;&nbsp;&nbsp;&nbsp;&nbsp;&nbsp;&nbsp;&nbsp;&nbsp;<\/li>\n<\/ul>\n<p>&nbsp;<\/p>\n<p><strong><span id=\"result_box\" class=\"short_text\" lang=\"fr\"><span class=\"\">Responsabilit\u00e9 pour les liens<\/span><\/span><\/strong><\/p>\n<ul>\n<li>Verweise und Links auf Webseiten&nbsp; Dritter liegen ausserhalb unseres Verantwortungsbereichs Es wird jegliche Verantwortung f\u00fcr solche Webseiten&nbsp; abgelehnt.&nbsp; Der Zugriff und die Nutzung solcher Webseiten erfolgen&nbsp; auf eigene Gefahr des Nutzers oder der Nutzerin.<\/li>\n<\/ul>\n<p>&nbsp;&nbsp;&nbsp;&nbsp;&nbsp;&nbsp;&nbsp;&nbsp;&nbsp;&nbsp;&nbsp;&nbsp;&nbsp;&nbsp;&nbsp;&nbsp;&nbsp;&nbsp;&nbsp;&nbsp;&nbsp;&nbsp;&nbsp;&nbsp;<\/p>\n<p><strong><span id=\"result_box\" class=\"short_text\" lang=\"fr\"><span class=\"\">Droits d'auteur<\/span><\/span><\/strong><\/p>\n<ul>\n<li>Die Urheber- und alle anderen Rechte an Inhalten, Bildern, Fotos oder anderen Dateien auf der Website geh\u00f6ren ausschliesslich der Firma Deco Iris S\u00e0rl oder den speziell genannten&nbsp; Rechtsinhabern. F\u00fcr die Reproduktion jeglicher Elemente ist die schriftliche Zustimmung der Urheberrechtstr\u00e4ger im Voraus einzuholen.<\/li>\n<\/ul>\n<p>&nbsp;&nbsp;&nbsp;&nbsp;&nbsp;&nbsp;&nbsp;&nbsp;&nbsp;&nbsp;&nbsp;&nbsp;&nbsp;&nbsp;&nbsp;&nbsp;&nbsp; &nbsp;&nbsp;&nbsp;&nbsp;&nbsp;&nbsp;&nbsp;<\/p>\n<p><strong>Datenschutz<\/strong><\/p>\n<ul>\n<li>Gest\u00fctzt auf Artikel 13 der schweizerischen Bundesverfassung und die datenschutzrechtlichen Bestimmungen des Bundes (Datenschutzgesetz, DSG)&nbsp; hat jede Person Anspruch auf Schutz ihrer Privatsph\u00e4re sowie auf Schutz vor&nbsp; Missbrauch ihrer pers\u00f6nlichen Daten. Wir halten diese Bestimmungen ein.&nbsp; Pers\u00f6nliche Daten werden streng vertraulich behandelt und weder an Dritte&nbsp; verkauft noch weiter gegeben.<\/li>\n<li>In enger Zusammenarbeit mit unseren Hosting-Providern bem\u00fchen wir uns, die Datenbanken so gut wie m\u00f6glich vor fremden Zugriffen, Verlusten,&nbsp; Missbrauch oder vor F\u00e4lschung zu sch\u00fctzen.<\/li>\n<li>Beim Zugriff auf unsere Webseiten werden folgende Daten in Logfiles gespeichert: IP-Adresse, Datum, Uhrzeit, Browser-Anfrage und allg.&nbsp; \u00fcbertragene Informationen zum Betriebssystem resp. Browser. Diese Nutzungsdaten&nbsp; bilden die Basis f\u00fcr statistische, anonyme Auswertungen, so dass Trends&nbsp; erkennbar sind, anhand derer wir unsere Angebote entsprechend verbessern&nbsp; k\u00f6nnen.<\/li>\n<\/ul>\n<p>&nbsp;<\/p>\n<ul>\n<li>\u00a9 2018 f\u00fcr alle eigenen Inhalte der Deco Iris S\u00e0rl. Alle Rechte vorbehalten.<\/li>\n<\/ul>\n<p>&nbsp;<\/p>\n<p>&nbsp;<\/p>\n<p>&nbsp;<\/p>\n<p><strong>&nbsp;&nbsp;&nbsp;&nbsp;&nbsp;&nbsp;&nbsp;&nbsp;&nbsp;&nbsp;&nbsp;&nbsp;&nbsp;&nbsp;&nbsp;&nbsp;&nbsp;&nbsp;&nbsp;&nbsp;&nbsp;&nbsp; <\/strong><span style=\"font-size: 8pt;\"><strong>&nbsp;Datenschutzerkl\u00e4rung f\u00fcr die Nutzung von Facebook-Plugins (Like-Button) <\/strong><\/span><\/p>\n<p><span style=\"font-size: 8pt;\">&nbsp;&nbsp;&nbsp;&nbsp;&nbsp;&nbsp;&nbsp;&nbsp;&nbsp;&nbsp;&nbsp;&nbsp;&nbsp;&nbsp;&nbsp;&nbsp;&nbsp;&nbsp;&nbsp;&nbsp;&nbsp;&nbsp;&nbsp; Auf unseren Seiten sind Plugins des sozialen Netzwerks Facebook, 1601&nbsp; South California Avenue, Palo Alto, CA 94304, USA integriert. Die&nbsp; Facebook-Plugins erkennen Sie an dem Facebook-Logo oder dem&nbsp; \"Like-Button\" (\"Gef\u00e4llt mir\") auf unserer Seite. Eine&nbsp; \u00dcbersicht \u00fcber die Facebook-Plugins finden Sie hier:&nbsp; http:\/\/developers.facebook.com\/docs\/plugins\/.<\/span><\/p>\n<p><span style=\"font-size: 8pt;\">&nbsp;&nbsp;&nbsp;&nbsp; &nbsp;&nbsp;&nbsp;&nbsp;&nbsp;&nbsp;&nbsp;&nbsp;&nbsp;&nbsp;&nbsp;&nbsp;&nbsp;&nbsp;&nbsp;&nbsp;&nbsp;&nbsp;&nbsp;Wenn Sie unsere Seiten besuchen, wird \u00fcber das Plugin eine direkte&nbsp; Verbindung zwischen Ihrem Browser und dem Facebook-Server hergestellt. Facebook&nbsp; erh\u00e4lt dadurch die Information, dass Sie mit Ihrer IP-Adresse unsere Seite&nbsp; besucht haben. Wenn Sie den Facebook \"Like-Button\" anklicken w\u00e4hrend&nbsp; Sie in Ihrem Facebook-Account eingeloggt sind, k\u00f6nnen Sie die Inhalte unserer&nbsp; Seiten auf Ihrem Facebook-Profil verlinken. Dadurch kann Facebook den Besuch&nbsp; unserer Seiten Ihrem Benutzerkonto zuordnen. Wir weisen darauf hin, dass wir&nbsp; als Anbieter der Seiten keine Kenntnis vom Inhalt der \u00fcbermittelten Daten sowie&nbsp; deren Nutzung durch Facebook erhalten. Weitere Informationen hierzu finden Sie&nbsp; in der Datenschutzerkl\u00e4rung von facebook unter&nbsp; https:\/\/www.facebook.com\/about\/privacy\/<\/span><\/p>\n<p><span style=\"font-size: 8pt;\">&nbsp;&nbsp;&nbsp;&nbsp;&nbsp;&nbsp;&nbsp;&nbsp;&nbsp;&nbsp;&nbsp;&nbsp;&nbsp;&nbsp;&nbsp;&nbsp;&nbsp;&nbsp;&nbsp;&nbsp;&nbsp;&nbsp;&nbsp; Wenn Sie nicht&nbsp; w\u00fcnschen, dass Facebook den Besuch unserer Seiten Ihrem Facebook-Nutzerkonto&nbsp; zuordnen kann, loggen Sie sich bitte aus Ihrem Facebook-Benutzerkonto aus.<\/span><\/p>\n<p><span style=\"font-size: 8pt;\"><strong>&nbsp;&nbsp;&nbsp;&nbsp; &nbsp;&nbsp;&nbsp;&nbsp;&nbsp;&nbsp;&nbsp;&nbsp;&nbsp;&nbsp;&nbsp;&nbsp;&nbsp;&nbsp;&nbsp;&nbsp;&nbsp;&nbsp;&nbsp;Datenschutzerkl\u00e4rung f\u00fcr die Nutzung von Twitter <\/strong><\/span><\/p>\n<p><span style=\"font-size: 8pt;\">&nbsp;&nbsp;&nbsp;&nbsp;&nbsp;&nbsp;&nbsp;&nbsp;&nbsp;&nbsp;&nbsp;&nbsp;&nbsp;&nbsp;&nbsp;&nbsp;&nbsp;&nbsp;&nbsp;&nbsp;&nbsp;&nbsp;&nbsp; Auf unseren Seiten sind Funktionen des Dienstes Twitter eingebunden.&nbsp; Diese Funktionen werden angeboten durch die Twitter Inc., 795 Folsom St., Suite&nbsp; 600, San Francisco, CA 94107, USA. Durch das Benutzen von Twitter und der&nbsp; Funktion \"Re-Tweet\" werden die von Ihnen besuchten Webseiten mit&nbsp; Ihrem Twitter-Account verkn\u00fcpft und anderen Nutzern bekannt gegeben. Dabei&nbsp; werden u.a. Daten wie IP-Adresse, Browsertyp, aufgerufene Domains, besuchte&nbsp; Seiten, Mobilfunkanbieter, Ger\u00e4te- und Applikations-IDs und Suchbegriffe an&nbsp; Twitter \u00fcbertragen.<\/span><\/p>\n<p><span style=\"font-size: 8pt;\">&nbsp;&nbsp;&nbsp;&nbsp;&nbsp;&nbsp;&nbsp;&nbsp;&nbsp;&nbsp;&nbsp;&nbsp;&nbsp;&nbsp;&nbsp;&nbsp;&nbsp;&nbsp;&nbsp;&nbsp;&nbsp;&nbsp;&nbsp; Wir weisen darauf hin, dass wir als Anbieter der Seiten keine Kenntnis&nbsp; vom Inhalt der \u00fcbermittelten Daten sowie deren Nutzung durch Twitter erhalten. Aufgrund&nbsp; laufender Aktualisierung der Datenschutzerkl\u00e4rung von Twitter, weisen wir auf die&nbsp; aktuellste Version unter (http:\/\/twitter.com\/privacy) hin.<\/span><\/p>\n<p><span style=\"font-size: 8pt;\">&nbsp;&nbsp;&nbsp;&nbsp;&nbsp;&nbsp;&nbsp;&nbsp;&nbsp;&nbsp;&nbsp;&nbsp;&nbsp;&nbsp;&nbsp;&nbsp;&nbsp;&nbsp;&nbsp;&nbsp;&nbsp;&nbsp;&nbsp; Ihre&nbsp; Datenschutzeinstellungen bei Twitter k\u00f6nnen Sie in den Konto-Einstellungen&nbsp; unter http:\/\/twitter.com\/account\/settings \u00e4ndern. Bei Fragen wenden Sie sich an&nbsp; privacy@twitter.com.<\/span><\/p>\n<p><span style=\"font-size: 8pt;\"><strong>&nbsp;&nbsp;&nbsp;&nbsp;&nbsp;&nbsp;&nbsp;&nbsp;&nbsp;&nbsp;&nbsp;&nbsp;&nbsp;&nbsp;&nbsp;&nbsp;&nbsp;&nbsp;&nbsp;&nbsp;&nbsp;&nbsp;&nbsp; Datenschutzerkl\u00e4rung f\u00fcr die Nutzung von Google Adsense <\/strong><\/span><\/p>\n<p><span style=\"font-size: 8pt;\">&nbsp;&nbsp;&nbsp;&nbsp;&nbsp;&nbsp;&nbsp;&nbsp;&nbsp;&nbsp;&nbsp;&nbsp;&nbsp;&nbsp;&nbsp;&nbsp;&nbsp;&nbsp;&nbsp;&nbsp;&nbsp;&nbsp;&nbsp; Diese Website benutzt Google AdSense, einen Dienst zum Einbinden von&nbsp; Werbeanzeigen der Google Inc. (\"Google\"). Google AdSense verwendet&nbsp; sog. \"Cookies\", Textdateien, die auf Ihrem Computer gespeichert&nbsp; werden und die eine Analyse der Benutzung der Website erm\u00f6glicht. Google&nbsp; AdSense verwendet auch so genannte Web Beacons (unsichtbare Grafiken). Durch&nbsp; diese Web Beacons k\u00f6nnen Informationen wie der Besucherverkehr auf diesen&nbsp; Seiten ausgewertet werden.<\/span><\/p>\n<p><span style=\"font-size: 8pt;\">&nbsp;&nbsp;&nbsp;&nbsp;&nbsp;&nbsp;&nbsp;&nbsp;&nbsp;&nbsp;&nbsp;&nbsp;&nbsp;&nbsp;&nbsp;&nbsp;&nbsp;&nbsp;&nbsp;&nbsp;&nbsp;&nbsp;&nbsp; Die durch Cookies und Web Beacons erzeugten Informationen \u00fcber die Benutzung&nbsp; dieser Website (einschlie\u00dflich Ihrer IP-Adresse) und Auslieferung von&nbsp; Werbeformaten werden an einen Server von Google in den USA \u00fcbertragen und dort&nbsp; gespeichert. Diese Informationen k\u00f6nnen von Google an Vertragspartner von&nbsp; Google weiter gegeben werden. Google wird Ihre IP-Adresse jedoch nicht mit&nbsp; anderen von Ihnen gespeicherten Daten zusammenf\u00fchren.<\/span><\/p>\n<p><span style=\"font-size: 8pt;\">&nbsp;&nbsp;&nbsp;&nbsp;&nbsp;&nbsp;&nbsp;&nbsp;&nbsp;&nbsp;&nbsp;&nbsp;&nbsp;&nbsp;&nbsp;&nbsp;&nbsp;&nbsp;&nbsp;&nbsp;&nbsp;&nbsp;&nbsp; Sie k\u00f6nnen die Installation der Cookies durch eine entsprechende&nbsp; Einstellung Ihrer Browser Software verhindern; wir weisen Sie jedoch darauf&nbsp; hin, dass Sie in diesem Fall gegebenenfalls nicht s\u00e4mtliche Funktionen dieser&nbsp; Website voll umf\u00e4nglich nutzen k\u00f6nnen. Durch die Nutzung dieser Website&nbsp; erkl\u00e4ren Sie sich mit der Bearbeitung der \u00fcber Sie erhobenen Daten durch Google&nbsp; in der zuvor beschriebenen Art und Weise und zu dem zuvor benannten Zweck&nbsp; einverstanden.<\/span><\/p>\n<p><span style=\"font-size: 8pt;\"><strong>&nbsp;&nbsp;&nbsp;&nbsp;&nbsp;&nbsp;&nbsp;&nbsp;&nbsp;&nbsp;&nbsp;&nbsp;&nbsp;&nbsp;&nbsp;&nbsp;&nbsp;&nbsp;&nbsp;&nbsp;&nbsp;&nbsp;&nbsp; Datenschutzerkl\u00e4rung f\u00fcr die Nutzung von Google Analytics<\/strong><\/span><\/p>\n<p><span style=\"font-size: 8pt;\">&nbsp;&nbsp;&nbsp;&nbsp;&nbsp;&nbsp;&nbsp;&nbsp;&nbsp;&nbsp;&nbsp;&nbsp;&nbsp;&nbsp;&nbsp;&nbsp;&nbsp;&nbsp;&nbsp;&nbsp;&nbsp;&nbsp;&nbsp;&nbsp; Diese Website benutzt Google Analytics, einen Webanalysedienst der&nbsp; Google Inc. (\"Google\"). Google Analytics verwendet sog.&nbsp; \"Cookies\", Textdateien, die auf Ihrem Computer gespeichert werden und&nbsp; die eine Analyse der Benutzung der Website durch Sie erm\u00f6glichen. Die durch den&nbsp; Cookie erzeugten Informationen \u00fcber Ihre Benutzung dieser Website werden in der&nbsp; Regel an einen Server von Google in den USA \u00fcbertragen und dort gespeichert. Im&nbsp; Falle der Aktivierung der IP-Anonymisierung auf dieser Webseite wird Ihre&nbsp; IP-Adresse von Google jedoch innerhalb von Mitgliedstaaten der Europ\u00e4ischen&nbsp; Union oder in anderen Vertragsstaaten des Abkommens \u00fcber den Europ\u00e4ischen Wirtschaftsraum&nbsp; zuvor gek\u00fcrzt.<\/span><\/p>\n<p><span style=\"font-size: 8pt;\">&nbsp;&nbsp;&nbsp;&nbsp;&nbsp;&nbsp;&nbsp;&nbsp;&nbsp;&nbsp;&nbsp;&nbsp;&nbsp;&nbsp;&nbsp;&nbsp;&nbsp;&nbsp;&nbsp;&nbsp;&nbsp;&nbsp;&nbsp; Nur in Ausnahmef\u00e4llen wird die volle IP-Adresse an einen Server von&nbsp; Google in den USA \u00fcbertragen und dort gek\u00fcrzt. Google wird diese&nbsp; Informationen benutzen, um Ihre Nutzung der Website auszuwerten, um Reports&nbsp; \u00fcber die Websiteaktivit\u00e4ten f\u00fcr die Websitebetreiber zusammenzustellen und um&nbsp; weitere mit der Websitenutzung und der Internetnutzung verbundene&nbsp; Dienstleistungen zu erbringen. Auch wird Google diese Informationen&nbsp; gegebenenfalls an Dritte \u00fcbertragen, sofern dies gesetzlich vorgeschrieben oder&nbsp; soweit Dritte diese Daten im Auftrag von Google verarbeiten. Die im&nbsp; Rahmen von Google Analytics von Ihrem Browser \u00fcbermittelte IP-Adresse wird&nbsp; nicht mit anderen Daten von Google zusammengef\u00fchrt.<\/span><\/p>\n<p><span style=\"font-size: 8pt;\">&nbsp;&nbsp;&nbsp;&nbsp;&nbsp;&nbsp;&nbsp;&nbsp;&nbsp;&nbsp;&nbsp;&nbsp;&nbsp;&nbsp;&nbsp;&nbsp;&nbsp;&nbsp;&nbsp;&nbsp;&nbsp;&nbsp;&nbsp; Sie k\u00f6nnen die Installation der Cookies durch eine&nbsp; entsprechende Einstellung Ihrer Browser Software verhindern; wir weisen Sie&nbsp; jedoch darauf hin, dass Sie in diesem Fall gegebenenfalls nicht s\u00e4mtliche&nbsp; Funktionen dieser Website voll umf\u00e4nglich nutzen k\u00f6nnen. Durch&nbsp; die Nutzung dieser Website erkl\u00e4ren Sie sich mit der Bearbeitung der \u00fcber Sie&nbsp; erhobenen Daten durch Google in der zuvor beschriebenen Art und Weise und zu&nbsp; dem zuvor benannten Zweck einverstanden.<\/span><span style=\"font-size: 8pt;\">&nbsp;<br \/>\n<\/span><\/p>\n<p><span style=\"font-size: 8pt;\">&nbsp;&nbsp;&nbsp;&nbsp;&nbsp;&nbsp;&nbsp;&nbsp;&nbsp;&nbsp;&nbsp;&nbsp;&nbsp;&nbsp;&nbsp;&nbsp;&nbsp;&nbsp;&nbsp;&nbsp;&nbsp;&nbsp;&nbsp; <strong>Datenschutzerkl\u00e4rung f\u00fcr die Nutzung von Google +1<\/strong><\/span><\/p>\n<p><span style=\"font-size: 8pt;\">&nbsp;&nbsp;&nbsp;&nbsp;&nbsp;&nbsp;&nbsp;&nbsp;&nbsp;&nbsp;&nbsp;&nbsp;&nbsp;&nbsp;&nbsp;&nbsp;&nbsp;&nbsp;&nbsp;&nbsp;&nbsp;&nbsp;&nbsp; Mithilfe der Google +1-Schaltfl\u00e4che k\u00f6nnen Sie Informationen weltweit&nbsp; ver\u00f6ffentlichen. \u00dcber die Google +1-Schaltfl\u00e4che erhalten Sie und andere Nutzer&nbsp; personalisierte Inhalte von Google und dessen Partnern. Google speichert sowohl &nbsp;die Information, dass Sie f\u00fcr einen Inhalt +1 gegeben haben, als auch&nbsp; Informationen \u00fcber die Seite, die Sie beim Klicken auf +1 angesehen haben. Ihre&nbsp; +1 k\u00f6nnen als Hinweise zusammen mit Ihrem Profilnamen und Ihrem Foto in&nbsp; Google-Diensten, wie etwa in Suchergebnissen oder in Ihrem Google-Profil, oder&nbsp; an anderen Stellen auf Websites und Anzeigen im Internet eingeblendet werden.<\/span><\/p>\n<p><span style=\"font-size: 8pt;\">&nbsp;&nbsp;&nbsp;&nbsp;&nbsp;&nbsp;&nbsp;&nbsp;&nbsp;&nbsp;&nbsp;&nbsp;&nbsp;&nbsp;&nbsp;&nbsp;&nbsp;&nbsp;&nbsp;&nbsp;&nbsp;&nbsp;&nbsp; Google zeichnet Informationen \u00fcber Ihre +1-Aktivit\u00e4ten auf, um die&nbsp; Google-Dienste f\u00fcr Sie und andere zu verbessern.<\/span><\/p>\n<p><span style=\"font-size: 8pt;\">&nbsp;&nbsp;&nbsp;&nbsp;&nbsp;&nbsp;&nbsp;&nbsp;&nbsp;&nbsp;&nbsp;&nbsp;&nbsp;&nbsp;&nbsp;&nbsp;&nbsp;&nbsp;&nbsp;&nbsp;&nbsp;&nbsp;&nbsp; Um die Google +1-Schaltfl\u00e4che verwenden zu k\u00f6nnen, ben\u00f6tigen Sie ein&nbsp; weltweit sichtbares, \u00f6ffentliches Google-Profil, das zumindest den f\u00fcr das&nbsp; Profil gew\u00e4hlten Namen enthalten muss. Dieser Name wird in allen&nbsp; Google-Diensten verwendet. In manchen F\u00e4llen kann dieser Name auch einen&nbsp; anderen Namen ersetzen, den Sie beim Teilen von Inhalten \u00fcber Ihr Google-Konto&nbsp; verwendet haben. Die Identit\u00e4t Ihres Google-Profils kann Nutzern angezeigt&nbsp; werden, die Ihre E-Mail-Adresse kennen oder \u00fcber andere identifizierende&nbsp; Informationen von Ihnen verf\u00fcgen.<\/span><\/p>\n<p><span style=\"font-size: 8pt;\">&nbsp;&nbsp;&nbsp;&nbsp;&nbsp;&nbsp;&nbsp;&nbsp;&nbsp;&nbsp;&nbsp;&nbsp;&nbsp;&nbsp;&nbsp;&nbsp;&nbsp;&nbsp;&nbsp;&nbsp;&nbsp;&nbsp;&nbsp; Neben den oben erl\u00e4uterten Verwendungszwecken werden die von Ihnen&nbsp; bereitgestellten Informationen gem\u00e4\u00df den geltenden&nbsp; Google-Datenschutzbestimmungen (http:\/\/www.google.com\/intl\/de\/policies\/privacy\/)&nbsp; genutzt. Google ver\u00f6ffentlicht m\u00f6glicherweise zusammengefasste&nbsp; Statistiken \u00fcber die +1-Aktivit\u00e4ten der Nutzer bzw. geben diese Statistiken an&nbsp; unsere Nutzer und Partner weiter, wie etwa Publisher, Inserenten oder&nbsp; verbundene Websites.<\/span><\/p>\n<p>&nbsp;<\/p><\/div>\n<\/div><!-- .row (end) -->\n","protected":false},"excerpt":{"rendered":"","protected":false},"author":1,"featured_media":0,"parent":0,"menu_order":7947,"comment_status":"open","ping_status":"open","template":"","meta":{"_acf_changed":false,"ngg_post_thumbnail":0,"footnotes":""},"class_list":["post-10142","page","type-page","status-publish","hentry"],"acf":[],"yoast_head":"<!-- This site is optimized with the Yoast SEO plugin v27.5 - https:\/\/yoast.com\/product\/yoast-seo-wordpress\/ -->\n<title>DAUERSCHUTZBESTIMMUNGEN - WOHLBEFINDEN<\/title>\n<meta name=\"robots\" content=\"index, follow, max-snippet:-1, max-image-preview:large, max-video-preview:-1\" \/>\n<link rel=\"canonical\" href=\"https:\/\/bien-etreiris.ch\/de\/dauerschutzbestimmungen\/\" \/>\n<meta property=\"og:locale\" content=\"de_DE\" \/>\n<meta property=\"og:type\" content=\"article\" \/>\n<meta property=\"og:title\" content=\"DAUERSCHUTZBESTIMMUNGEN - WOHLBEFINDEN\" \/>\n<meta property=\"og:url\" content=\"https:\/\/bien-etreiris.ch\/de\/dauerschutzbestimmungen\/\" \/>\n<meta property=\"og:site_name\" content=\"WOHLBEFINDEN\" \/>\n<meta property=\"article:publisher\" content=\"https:\/\/www.facebook.com\/bienetreiris\/\" \/>\n<meta property=\"article:modified_time\" content=\"2021-07-12T23:50:46+00:00\" \/>\n<meta name=\"twitter:label1\" content=\"Gesch\u00e4tzte Lesezeit\" \/>\n\t<meta name=\"twitter:data1\" content=\"6\u00a0Minuten\" \/>\n<script type=\"application\/ld+json\" class=\"yoast-schema-graph\">{\"@context\":\"https:\\\/\\\/schema.org\",\"@graph\":[{\"@type\":\"WebPage\",\"@id\":\"https:\\\/\\\/bien-etreiris.ch\\\/de\\\/dauerschutzbestimmungen\\\/\",\"url\":\"https:\\\/\\\/bien-etreiris.ch\\\/de\\\/dauerschutzbestimmungen\\\/\",\"name\":\"DAUERSCHUTZBESTIMMUNGEN - WOHLBEFINDEN\",\"isPartOf\":{\"@id\":\"https:\\\/\\\/bien-etreiris.ch\\\/de\\\/#website\"},\"datePublished\":\"2017-08-21T04:48:14+00:00\",\"dateModified\":\"2021-07-12T23:50:46+00:00\",\"breadcrumb\":{\"@id\":\"https:\\\/\\\/bien-etreiris.ch\\\/de\\\/dauerschutzbestimmungen\\\/#breadcrumb\"},\"inLanguage\":\"de\",\"potentialAction\":[{\"@type\":\"ReadAction\",\"target\":[\"https:\\\/\\\/bien-etreiris.ch\\\/de\\\/dauerschutzbestimmungen\\\/\"]}]},{\"@type\":\"BreadcrumbList\",\"@id\":\"https:\\\/\\\/bien-etreiris.ch\\\/de\\\/dauerschutzbestimmungen\\\/#breadcrumb\",\"itemListElement\":[{\"@type\":\"ListItem\",\"position\":1,\"name\":\"Home\",\"item\":\"https:\\\/\\\/bien-etreiris.ch\\\/de\\\/\"},{\"@type\":\"ListItem\",\"position\":2,\"name\":\"DAUERSCHUTZBESTIMMUNGEN\"}]},{\"@type\":\"WebSite\",\"@id\":\"https:\\\/\\\/bien-etreiris.ch\\\/de\\\/#website\",\"url\":\"https:\\\/\\\/bien-etreiris.ch\\\/de\\\/\",\"name\":\"Bien-\u00eatre Iris\",\"description\":\"IHRE Gesundheit ist uns wichtig\",\"potentialAction\":[{\"@type\":\"SearchAction\",\"target\":{\"@type\":\"EntryPoint\",\"urlTemplate\":\"https:\\\/\\\/bien-etreiris.ch\\\/de\\\/?s={search_term_string}\"},\"query-input\":{\"@type\":\"PropertyValueSpecification\",\"valueRequired\":true,\"valueName\":\"search_term_string\"}}],\"inLanguage\":\"de\"}]}<\/script>\n<!-- \/ Yoast SEO plugin. -->","yoast_head_json":{"title":"DAUERSCHUTZBESTIMMUNGEN - WOHLBEFINDEN","robots":{"index":"index","follow":"follow","max-snippet":"max-snippet:-1","max-image-preview":"max-image-preview:large","max-video-preview":"max-video-preview:-1"},"canonical":"https:\/\/bien-etreiris.ch\/de\/dauerschutzbestimmungen\/","og_locale":"de_DE","og_type":"article","og_title":"DAUERSCHUTZBESTIMMUNGEN - WOHLBEFINDEN","og_url":"https:\/\/bien-etreiris.ch\/de\/dauerschutzbestimmungen\/","og_site_name":"WOHLBEFINDEN","article_publisher":"https:\/\/www.facebook.com\/bienetreiris\/","article_modified_time":"2021-07-12T23:50:46+00:00","twitter_misc":{"Gesch\u00e4tzte Lesezeit":"6\u00a0Minuten"},"schema":{"@context":"https:\/\/schema.org","@graph":[{"@type":"WebPage","@id":"https:\/\/bien-etreiris.ch\/de\/dauerschutzbestimmungen\/","url":"https:\/\/bien-etreiris.ch\/de\/dauerschutzbestimmungen\/","name":"DAUERSCHUTZBESTIMMUNGEN - WOHLBEFINDEN","isPartOf":{"@id":"https:\/\/bien-etreiris.ch\/de\/#website"},"datePublished":"2017-08-21T04:48:14+00:00","dateModified":"2021-07-12T23:50:46+00:00","breadcrumb":{"@id":"https:\/\/bien-etreiris.ch\/de\/dauerschutzbestimmungen\/#breadcrumb"},"inLanguage":"de","potentialAction":[{"@type":"ReadAction","target":["https:\/\/bien-etreiris.ch\/de\/dauerschutzbestimmungen\/"]}]},{"@type":"BreadcrumbList","@id":"https:\/\/bien-etreiris.ch\/de\/dauerschutzbestimmungen\/#breadcrumb","itemListElement":[{"@type":"ListItem","position":1,"name":"Home","item":"https:\/\/bien-etreiris.ch\/de\/"},{"@type":"ListItem","position":2,"name":"DAUERSCHUTZBESTIMMUNGEN"}]},{"@type":"WebSite","@id":"https:\/\/bien-etreiris.ch\/de\/#website","url":"https:\/\/bien-etreiris.ch\/de\/","name":"Bien-\u00eatre Iris","description":"IHRE Gesundheit ist uns wichtig","potentialAction":[{"@type":"SearchAction","target":{"@type":"EntryPoint","urlTemplate":"https:\/\/bien-etreiris.ch\/de\/?s={search_term_string}"},"query-input":{"@type":"PropertyValueSpecification","valueRequired":true,"valueName":"search_term_string"}}],"inLanguage":"de"}]}},"_links":{"self":[{"href":"https:\/\/bien-etreiris.ch\/de\/wp-json\/wp\/v2\/pages\/10142","targetHints":{"allow":["GET"]}}],"collection":[{"href":"https:\/\/bien-etreiris.ch\/de\/wp-json\/wp\/v2\/pages"}],"about":[{"href":"https:\/\/bien-etreiris.ch\/de\/wp-json\/wp\/v2\/types\/page"}],"author":[{"embeddable":true,"href":"https:\/\/bien-etreiris.ch\/de\/wp-json\/wp\/v2\/users\/1"}],"replies":[{"embeddable":true,"href":"https:\/\/bien-etreiris.ch\/de\/wp-json\/wp\/v2\/comments?post=10142"}],"version-history":[{"count":4,"href":"https:\/\/bien-etreiris.ch\/de\/wp-json\/wp\/v2\/pages\/10142\/revisions"}],"predecessor-version":[{"id":52299,"href":"https:\/\/bien-etreiris.ch\/de\/wp-json\/wp\/v2\/pages\/10142\/revisions\/52299"}],"wp:attachment":[{"href":"https:\/\/bien-etreiris.ch\/de\/wp-json\/wp\/v2\/media?parent=10142"}],"curies":[{"name":"wp","href":"https:\/\/api.w.org\/{rel}","templated":true}]}}